{"id":347,"date":"2025-04-23T16:26:19","date_gmt":"2025-04-23T20:26:19","guid":{"rendered":"https:\/\/revista.conr-bo.com\/revconr\/?page_id=347"},"modified":"2025-04-23T16:26:21","modified_gmt":"2025-04-23T20:26:21","slug":"instrucciones-para-los-autores","status":"publish","type":"page","link":"https:\/\/revista.conr-bo.com\/revconr\/instrucciones-para-los-autores\/","title":{"rendered":"Instrucciones para los autores"},"content":{"rendered":"\n<p><strong><em>Current Opinion Nursing &amp;&nbsp;<\/em><\/strong><strong>Research (CONR)<em>&nbsp;<\/em><\/strong>es una revista internacional de edici\u00f3n semestral, fundada el 25 de septiembre del a\u00f1o 2018 gracias a la visi\u00f3n y esfuerzo dedicado de la Unidad Acad\u00e9mica Campesina de Pucarani, dependiente de la Universidad Cat\u00f3lica Boliviana San Pablo con el fin de promover y difundir investigaciones in\u00e9ditas en \u00e1reas de enfermer\u00eda, disciplinas relacionadas con salud y otros campos de desempe\u00f1o, aportes al mejoramiento de las condiciones de salud y de vida de las poblaciones, y contribuciones al desarrollo de los sistemas de salud. Divulga art\u00edculos in\u00e9ditos, en idiomas espa\u00f1ol, ingl\u00e9s y portugu\u00e9s, es decir: documentos que no han sido publicados antes en otros formatos (electr\u00f3nicos o impresos) y que no han sido sometidos a consideraci\u00f3n de otras publicaciones o medios.<\/p>\n\n\n\n<p><strong><em>Current Opinion Nursing &amp;&nbsp;<\/em><\/strong><strong>Research<\/strong>&nbsp;de la Unidad Acad\u00e9mica Campesina de Pucarani, dependiente de la Universidad Cat\u00f3lica Boliviana San Pablo se publica semestralmente y recibe art\u00edculos en espa\u00f1ol, portugu\u00e9s e ingl\u00e9s. Al enviar los art\u00edculos para publicaci\u00f3n, tenga en cuenta los aspectos relacionados con el proceso.<\/p>\n\n\n\n<ol class=\"wp-block-list\">\n<li><em>Art\u00edculo de investigaci\u00f3n cient\u00edfica y tecnol\u00f3gica<\/em>. Documento original que presenta, de manera detallada, los resultados originales de proyectos de investigaci\u00f3n. La estructura generalmente utilizada contiene cuatro apartes importantes: Introducci\u00f3n, Materiales y M\u00e9todos, Resultados, Discusi\u00f3n, Conflictos de inter\u00e9s, Agradecimientos, Aspectos \u00e9ticos. N\u00famero m\u00ednimo de referencias bibliogr\u00e1ficas 35 y hasta 15 tablas y\/o figuras. El n\u00famero m\u00e1ximo de autores es de diez.<\/li>\n\n\n\n<li><em>T\u00f3picos especiales.<\/em><strong>\u00a0<\/strong>Es una modalidad de t\u00f3picos especiales, pero enfocada a aprovechar la amplia experiencia de un experto para orientar a investigadores, profesionales del \u00e1rea de Ciencias Biol\u00f3gicas, Biom\u00e9dicas, Salud Publica o Ramas afines, sobre tema espec\u00edfico. Estos trabajos deber\u00e1n tener una extensi\u00f3n m\u00e1xima de 5 p\u00e1ginas en papel tama\u00f1o carta, a doble espacio, tipo de letra times New Rom\u00e1n de 12 cpi. Se aceptar\u00e1 m\u00e1ximo de 10 referencias bibliogr\u00e1ficas y hasta 5 figuras y\/o tablas. El n\u00famero m\u00e1ximo de autores es de tres.<\/li>\n\n\n\n<li><em>Nota de investigaci\u00f3n.<\/em><strong>\u00a0<\/strong>En esta secci\u00f3n se refieren a la publicaci\u00f3n del desarrollo de t\u00e9cnicas o m\u00e9todos innovadores preferiblemente, o su adaptaci\u00f3n, modificaci\u00f3n, promoci\u00f3n y divulgaci\u00f3n de car\u00e1cter cient\u00edfico, de inter\u00e9s para la regi\u00f3n. Incluye m\u00e9todos de mejoramiento, an\u00e1lisis estad\u00edsticos, aparatos o instrumentos de campo, o laboratorio. Se valorar\u00e1 el car\u00e1cter did\u00e1ctico de estas publicaciones en este contexto, puede abordar los resultados de un ensayo pr\u00e1ctico ante un problema concreto, fundamentado en los procedimientos de uso general en el ejercicio de la profesi\u00f3n. La secci\u00f3n de Discusi\u00f3n puede tomar un tono m\u00e1s expositivo (cualitativo) que cr\u00edtico, mientras que en un art\u00edculo original, el ep\u00edgrafe de la discusi\u00f3n es una secci\u00f3n relevante y representativa del trabajo (cualitativo si las variables lo permiten y cuantitativo casi siempre). Estos trabajos deber\u00e1n tener una extensi\u00f3n m\u00e1xima de 10 p\u00e1ginas en papel tama\u00f1o carta, a doble espacio, tipo de letra times New Rom\u00e1n de 12 cpi. Se aceptar\u00e1 m\u00e1ximo de 15 referencias bibliogr\u00e1ficas y hasta 5 figuras y\/o tablas. El n\u00famero m\u00e1ximo de autores es de cinco.<\/li>\n\n\n\n<li><em>Art\u00edculo de reflexi\u00f3n.\u00a0<\/em>Documento que presenta resultados de investigaci\u00f3n desde una perspectiva anal\u00edtica, interpretativa o cr\u00edtica del autor, sobre un tema espec\u00edfico, recurriendo a fuentes originales. N\u00famero m\u00ednimo de referencias bibliogr\u00e1ficas 25 y hasta 5 figuras y\/o tablas. El n\u00famero m\u00e1ximo de autores es de tres.<\/li>\n\n\n\n<li><em>Art\u00edculo de revisi\u00f3n<\/em>. Documento que resulta de una investigaci\u00f3n en la cual se analizan, sistematizan e integran los resultados de investigaciones publicadas o no publicadas, sobre un campo en ciencia o tecnolog\u00eda, con el fin de dar cuenta de los avances y las tendencias de desarrollo. Se caracteriza por presentar una cuidadosa revisi\u00f3n bibliogr\u00e1fica de m\u00ednimo 60 referencias bibliogr\u00e1ficas y hasta 15 figuras y\/o tablas. El n\u00famero m\u00e1ximo de autores es de seis.<\/li>\n\n\n\n<li><em>Editorial<\/em>. Documento escrito por el\/la Editor\/a Jefe, un\/a Editor\/a Asociado\/a, un miembro del Comit\u00e9 Editorial o un\/a investigador\/a invitado\/a sobre orientaciones en el dominio tem\u00e1tico de la revista.<\/li>\n\n\n\n<li><em>Documento de reflexi\u00f3n no derivado de investigaci\u00f3n<\/em>. Documento tipo ensayo que no es producto de una investigaci\u00f3n. Utiliza la perspectiva anal\u00edtica del autor sobre un tema espec\u00edfico a partir de fuentes originales. N\u00famero m\u00ednimo de referencias bibliogr\u00e1ficas 25 y hasta 10 figuras y\/o tablas. El n\u00famero m\u00e1ximo de autores es de cuatro.<\/li>\n\n\n\n<li><em>Reporte de caso (Situaciones de enfermer\u00eda).\u00a0<\/em>Documento que presenta los resultados de un estudio sobre una situaci\u00f3n particular con el fin de dar a conocer las experiencias t\u00e9cnicas y metodol\u00f3gicas consideradas en un caso espec\u00edfico. Incluye una revisi\u00f3n sistem\u00e1tica comentada de la literatura sobre casos an\u00e1logos. N\u00famero m\u00ednimo de referencias bibliogr\u00e1ficas 15 y hasta 10 figuras y\/o tablas. El n\u00famero m\u00e1ximo de autores es de cuatro.<\/li>\n\n\n\n<li><em>Traducci\u00f3n<\/em>. Traducciones de textos cl\u00e1sicos o de actualidad o transcripciones de documentos hist\u00f3ricos o de inter\u00e9s particular en el dominio de publicaci\u00f3n de la revista.<\/li>\n\n\n\n<li><em>Rese\u00f1a bibliogr\u00e1fica<\/em>. S\u00edntesis concreta con una visi\u00f3n cr\u00edtica de una publicaci\u00f3n estilo libro que describe la importancia, los aspectos destacados y los aportes particulares de la publicaci\u00f3n.<\/li>\n\n\n\n<li><em>Cartas al editor.<strong>\u00a0<\/strong><\/em>Tienen preferencia en esta secci\u00f3n la discusi\u00f3n de trabajos publicados en los \u00faltimos seis meses, y la aportaci\u00f3n de opiniones, observaciones o experiencias que por sus caracter\u00edsticas puedan ser resumidas en un breve texto. Esta secci\u00f3n se divide en \u201c<em>Cartas cient\u00edficas\u201d<\/em><em>,<\/em>\u00a0es decir, trabajos que contienen trabajos que generan debate en el mundo cient\u00edfico, que pueden exponerse en forma abreviada, y\u00a0<em>\u201cCartas al Editor\u201d.<\/em>\u00a0La extensi\u00f3n m\u00e1xima ser\u00e1 de 2 p\u00e1ginas tama\u00f1o carta, a doble espacio, tipo de letra times New Rom\u00e1n de 12 cpi., y se admitir\u00e1 una figura o una tabla y 10 referencias bibliogr\u00e1ficas como m\u00e1ximo. El n\u00famero de firmantes no debe exceder de cuatro. Debe incluirse el t\u00edtulo y palabras clave en ingl\u00e9s.<\/li>\n<\/ol>\n","protected":false},"excerpt":{"rendered":"<p>Current Opinion Nursing &amp;&nbsp;Research (CONR)&nbsp;es una revista internacional de edici\u00f3n semestral, fundada el 25 de septiembre del a\u00f1o 2018 gracias a la visi\u00f3n y esfuerzo dedicado de la Unidad Acad\u00e9mica Campesina de Pucarani, dependiente de la Universidad Cat\u00f3lica Boliviana San Pablo con el fin de promover y difundir investigaciones in\u00e9ditas en \u00e1reas de enfermer\u00eda, disciplinas [&hellip;]<\/p>\n","protected":false},"author":1,"featured_media":0,"parent":0,"menu_order":0,"comment_status":"closed","ping_status":"closed","template":"","meta":{"pagelayer_contact_templates":[],"_pagelayer_content":"","footnotes":""},"wf_page_folders":[],"class_list":["post-347","page","type-page","status-publish","hentry"],"_links":{"self":[{"href":"https:\/\/revista.conr-bo.com\/revconr\/wp-json\/wp\/v2\/pages\/347","targetHints":{"allow":["GET"]}}],"collection":[{"href":"https:\/\/revista.conr-bo.com\/revconr\/wp-json\/wp\/v2\/pages"}],"about":[{"href":"https:\/\/revista.conr-bo.com\/revconr\/wp-json\/wp\/v2\/types\/page"}],"author":[{"embeddable":true,"href":"https:\/\/revista.conr-bo.com\/revconr\/wp-json\/wp\/v2\/users\/1"}],"replies":[{"embeddable":true,"href":"https:\/\/revista.conr-bo.com\/revconr\/wp-json\/wp\/v2\/comments?post=347"}],"version-history":[{"count":1,"href":"https:\/\/revista.conr-bo.com\/revconr\/wp-json\/wp\/v2\/pages\/347\/revisions"}],"predecessor-version":[{"id":351,"href":"https:\/\/revista.conr-bo.com\/revconr\/wp-json\/wp\/v2\/pages\/347\/revisions\/351"}],"wp:attachment":[{"href":"https:\/\/revista.conr-bo.com\/revconr\/wp-json\/wp\/v2\/media?parent=347"}],"wp:term":[{"taxonomy":"wf_page_folders","embeddable":true,"href":"https:\/\/revista.conr-bo.com\/revconr\/wp-json\/wp\/v2\/wf_page_folders?post=347"}],"curies":[{"name":"wp","href":"https:\/\/api.w.org\/{rel}","templated":true}]}}