{"id":356,"date":"2025-04-23T16:36:03","date_gmt":"2025-04-23T20:36:03","guid":{"rendered":"https:\/\/revista.conr-bo.com\/revconr\/?page_id=356"},"modified":"2025-04-23T16:36:05","modified_gmt":"2025-04-23T20:36:05","slug":"sobre-la-revista","status":"publish","type":"page","link":"https:\/\/revista.conr-bo.com\/revconr\/sobre-la-revista\/","title":{"rendered":"Sobre la revista"},"content":{"rendered":"\n<figure class=\"wp-block-image aligncenter size-full is-resized\"><img loading=\"lazy\" decoding=\"async\" width=\"589\" height=\"124\" src=\"https:\/\/revista.conr-bo.com\/revconr\/wp-content\/uploads\/2025\/04\/conr-12345.jpg\" alt=\"\" class=\"wp-image-311\" style=\"width:741px;height:auto\" srcset=\"https:\/\/revista.conr-bo.com\/revconr\/wp-content\/uploads\/2025\/04\/conr-12345.jpg 589w, https:\/\/revista.conr-bo.com\/revconr\/wp-content\/uploads\/2025\/04\/conr-12345-300x63.jpg 300w\" sizes=\"auto, (max-width: 589px) 100vw, 589px\" \/><\/figure>\n\n\n\n<p class=\"has-text-align-center has-custom-secondary-color has-text-color has-link-color has-large-font-size wp-elements-16aad95cb6f9ee5cfc36bf92a1452b8f\"><strong><em>Current Opinion Nursing &amp; Research<\/em><\/strong><\/p>\n\n\n\n<p><strong><u>Misi\u00f3n<\/u><\/strong><\/p>\n\n\n\n<p><strong><em>Current Opinion Nursing &amp;&nbsp;<\/em><\/strong><strong>Research (CONR)<em>&nbsp;<\/em><\/strong>es&nbsp; &nbsp;una&nbsp; &nbsp;revista&nbsp; &nbsp;Internacional&nbsp; &nbsp;de&nbsp; &nbsp;edici\u00f3n&nbsp; &nbsp;semestral, fundada&nbsp; el&nbsp; 25&nbsp; de&nbsp; septiembre&nbsp; del&nbsp; a\u00f1o&nbsp; 2018&nbsp; gracias&nbsp; a&nbsp; la&nbsp; visi\u00f3n&nbsp; y&nbsp; esfuerzo&nbsp; dedicado de la Unidad Acad\u00e9mica Campesina de Pucarani, dependiente de la Universidad Cat\u00f3lica Boliviana San Pablo con el fin&nbsp; de&nbsp; promover&nbsp; y&nbsp; difundir investigaciones in\u00e9ditas en \u00e1reas de enfermer\u00eda, disciplinas relacionadas con&nbsp; salud&nbsp; y&nbsp; otros&nbsp; campos de desempe\u00f1o, aportes al mejoramiento de las condiciones de salud y de vida&nbsp; de&nbsp; las&nbsp; poblaciones,&nbsp; y&nbsp; contribuciones&nbsp; al&nbsp; desarrollo&nbsp; de&nbsp; los sistemas de salud. Divulga art\u00edculos in\u00e9ditos,&nbsp; en&nbsp; idiomas&nbsp; espa\u00f1ol, ingl\u00e9s&nbsp; y&nbsp; portugu\u00e9s, es decir: documentos que no han sido publicados antes&nbsp; en&nbsp; otros&nbsp; formatos&nbsp; (electr\u00f3nicos o impresos)&nbsp; y que no han sido sometidos a consideraci\u00f3n de otras publicaciones o medios.<\/p>\n\n\n\n<p>Es&nbsp; un&nbsp; medio&nbsp; de&nbsp; socializaci\u00f3n&nbsp; de&nbsp; los&nbsp; trabajos&nbsp; de&nbsp; investigaci\u00f3n,&nbsp; revisi\u00f3n&nbsp; de&nbsp; temas,&nbsp; experiencias&nbsp; y reflexiones de las diferentes comunidades acad\u00e9micas y asistenciales nacionales e internacionales que contribuyen al desarrollo te\u00f3rico de la disciplina profesional de enfermer\u00eda.<\/p>\n\n\n\n<p>Revisado por pares y basado en evidencia, se considera como una revista que se adhiere a los est\u00e1ndares period\u00edsticos que requieren la transparencia de los conflictos de intereses reales y potenciales que puedan tener los autores, editores y revisores. Sigue los est\u00e1ndares de publicaci\u00f3n establecidos por el Comit\u00e9 Internacional de Editores de Revistas M\u00e9dicas (ICMJE; www.icmje.org), la Asociaci\u00f3n Mundial de Editores M\u00e9dicos (WAME;&nbsp;<a href=\"http:\/\/www.wame.org\/\">www.wame.org<\/a>).<\/p>\n\n\n\n<p><strong><u>Visi\u00f3n<\/u><\/strong><\/p>\n\n\n\n<p>Ser un referente nacional e internacional en la divulgaci\u00f3n del conocimiento en enfermer\u00eda y salud, a trav\u00e9s de la publicaci\u00f3n de trabajos cient\u00edficos de calidad que contribuyan al desarrollo de la disciplina.<\/p>\n\n\n\n<p>La abreviatura de su t\u00edtulo es&nbsp;<strong>Curr Opin Nurs Res.,<\/strong>&nbsp;que debe ser usado en bibliograf\u00edas, notas al pie de p\u00e1gina, leyendas y referencias bibliogr\u00e1ficas.<\/p>\n","protected":false},"excerpt":{"rendered":"<p>Current Opinion Nursing &amp; Research Misi\u00f3n Current Opinion Nursing &amp;&nbsp;Research (CONR)&nbsp;es&nbsp; &nbsp;una&nbsp; &nbsp;revista&nbsp; &nbsp;Internacional&nbsp; &nbsp;de&nbsp; &nbsp;edici\u00f3n&nbsp; &nbsp;semestral, fundada&nbsp; el&nbsp; 25&nbsp; de&nbsp; septiembre&nbsp; del&nbsp; a\u00f1o&nbsp; 2018&nbsp; gracias&nbsp; a&nbsp; la&nbsp; visi\u00f3n&nbsp; y&nbsp; esfuerzo&nbsp; dedicado de la Unidad Acad\u00e9mica Campesina de Pucarani, dependiente de la Universidad Cat\u00f3lica Boliviana San Pablo con el fin&nbsp; de&nbsp; promover&nbsp; y&nbsp; difundir investigaciones [&hellip;]<\/p>\n","protected":false},"author":1,"featured_media":0,"parent":0,"menu_order":0,"comment_status":"closed","ping_status":"closed","template":"","meta":{"pagelayer_contact_templates":[],"_pagelayer_content":"","footnotes":""},"wf_page_folders":[],"class_list":["post-356","page","type-page","status-publish","hentry"],"_links":{"self":[{"href":"https:\/\/revista.conr-bo.com\/revconr\/wp-json\/wp\/v2\/pages\/356","targetHints":{"allow":["GET"]}}],"collection":[{"href":"https:\/\/revista.conr-bo.com\/revconr\/wp-json\/wp\/v2\/pages"}],"about":[{"href":"https:\/\/revista.conr-bo.com\/revconr\/wp-json\/wp\/v2\/types\/page"}],"author":[{"embeddable":true,"href":"https:\/\/revista.conr-bo.com\/revconr\/wp-json\/wp\/v2\/users\/1"}],"replies":[{"embeddable":true,"href":"https:\/\/revista.conr-bo.com\/revconr\/wp-json\/wp\/v2\/comments?post=356"}],"version-history":[{"count":1,"href":"https:\/\/revista.conr-bo.com\/revconr\/wp-json\/wp\/v2\/pages\/356\/revisions"}],"predecessor-version":[{"id":360,"href":"https:\/\/revista.conr-bo.com\/revconr\/wp-json\/wp\/v2\/pages\/356\/revisions\/360"}],"wp:attachment":[{"href":"https:\/\/revista.conr-bo.com\/revconr\/wp-json\/wp\/v2\/media?parent=356"}],"wp:term":[{"taxonomy":"wf_page_folders","embeddable":true,"href":"https:\/\/revista.conr-bo.com\/revconr\/wp-json\/wp\/v2\/wf_page_folders?post=356"}],"curies":[{"name":"wp","href":"https:\/\/api.w.org\/{rel}","templated":true}]}}