{"id":362,"date":"2025-04-23T16:39:23","date_gmt":"2025-04-23T20:39:23","guid":{"rendered":"https:\/\/revista.conr-bo.com\/revconr\/?page_id=362"},"modified":"2025-04-23T16:47:51","modified_gmt":"2025-04-23T20:47:51","slug":"politicas-editoriales","status":"publish","type":"page","link":"https:\/\/revista.conr-bo.com\/revconr\/politicas-editoriales\/","title":{"rendered":"Pol\u00edticas editoriales"},"content":{"rendered":"\n<p><\/p>\n\n\n\n<ol class=\"wp-block-list\">\n<li>Todos los art\u00edculos est\u00e1n disponibles de forma gratuita y se puede acceder a ellos de forma inmediata una vez que sean publicados y est\u00e9n en l\u00ednea.<\/li>\n\n\n\n<li>Los lectores pueden estudiar, descargar y\/o imprimir art\u00edculos de acceso abierto sin ning\u00fan costo.<\/li>\n\n\n\n<li>Los art\u00edculos est\u00e1n autorizados bajo los t\u00e9rminos de la licencia p\u00fablica internacional de Creative Commons Attribution 4.0 (CC-BY 4.0) (https:\/\/creativecommons.org\/licenses\/by\/4.0\/legalcode), que permite la distribuci\u00f3n y reproducci\u00f3n sin restricciones en cualquier medio, siempre que el trabajo sea debidamente citado.<\/li>\n\n\n\n<li><strong><em>Current Opinion Nursing &amp; Research<\/em><\/strong>\u00a0(<strong>CONR<\/strong>) sigue el procedimiento de revisi\u00f3n por pares a doble ciego para la presentaci\u00f3n de todos los manuscritos. Es el tipo m\u00e1s com\u00fan de revisi\u00f3n por pares, en el que la identidad de los revisores no se revela a los autores del manuscrito enviado. El anonimato de los revisores permite una evaluaci\u00f3n objetiva del manuscrito y tambi\u00e9n est\u00e1 libre de cualquier influencia de los autores en los comentarios de los revisores.<\/li>\n\n\n\n<li>Todos los art\u00edculos enviados est\u00e1n sujetos a una extensa revisi\u00f3n por pares, en consulta con los miembros del Comit\u00e9 Editorial de la revista y los \u00e1rbitros externos independientes (generalmente dos y en algunas oportunidades hasta tres). Todos los manuscritos se eval\u00faan r\u00e1pidamente y la decisi\u00f3n la toma el Director-Editor en Jefe de la revista bas\u00e1ndose en los comentarios de todos los revisores, que luego se transmiten al autor(es).<\/li>\n\n\n\n<li>Las presentaciones del Director-Editor en Jefe se someter\u00e1n a una revisi\u00f3n por pares independientes y se enviar\u00e1n a otro Editor para su decisi\u00f3n de aceptaci\u00f3n.<\/li>\n\n\n\n<li>Se hacen todos los esfuerzos para acelerar el proceso de revisi\u00f3n por pares que conduce a la publicaci\u00f3n oportuna.<\/li>\n\n\n\n<li>Los autores que publican en\u00a0<strong><em>Current Opinion Nursing &amp; Research<\/em><\/strong>\u00a0conservan los derechos de autor de su trabajo. Los autores tienen a disposici\u00f3n de publicar una amplia gama de art\u00edculo, por ejemplo.\u00a0<em>Art\u00edculo de investigaci\u00f3n cient\u00edfica y tecnol\u00f3gica,\u00a0<\/em><em>T\u00f3picos especiales, Nota de investigaci\u00f3n,\u00a0<\/em><em>Art\u00edculo de reflexi\u00f3n, Art\u00edculo de revisi\u00f3n, Documento de reflexi\u00f3n no derivado de investigaci\u00f3n, Reporte de caso, Traducci\u00f3n, Rese\u00f1a bibliogr\u00e1fica, Editorial<\/em>, as\u00ed como Suplementos, Actas de Congresos.<\/li>\n\n\n\n<li><strong>Derechos Humanos y Animales<\/strong>. Todas las investigaciones cl\u00ednicas deben realizarse de acuerdo con los principios de la Declaraci\u00f3n de Helsinki. Para todos los manuscritos que informen datos de estudios con participantes humanos, se requiere una revisi\u00f3n y aprobaci\u00f3n formal por parte de una junta de revisi\u00f3n institucional apropiada o un comit\u00e9 de \u00e9tica.<\/li>\n<\/ol>\n\n\n\n<p><strong>Para la investigaci\u00f3n con animales<\/strong>: Los autores deben indicar si los procedimientos seguidos est\u00e1n de acuerdo con los est\u00e1ndares establecidos en la&nbsp;octava edici\u00f3n de la Gu\u00eda para el cuidado y uso de animales de laboratorio, subvenciones.nih.gov\/grants\/olaw\/guide-for-the-care-and-use-of-laboratory-animals_prepub.pdf, publicado por la Academia Nacional de Ciencias, The National Academies Press, Washington, DC).<\/p>\n\n\n\n<ol class=\"wp-block-list\">\n<li>Investigaci\u00f3n que involucra animales.El trabajo de investigaci\u00f3n en animales se debe llevar a cabo de acuerdo con las Pautas LLEGADAS de NC3R. Para los experimentos in vivo, visite\u00a0<a href=\"https:\/\/www.nc3rs.org.uk\/arrive-guidelines\">https:\/\/www.nc3rs.org.uk\/arrive-guidelines<\/a>.<\/li>\n\n\n\n<li>Los autores deben indicar claramente el nombre del comit\u00e9 de aprobaci\u00f3n, destacando que se obtuvo la aprobaci\u00f3n legal y \u00e9tica antes del inicio del trabajo de investigaci\u00f3n realizado en animales, y que los experimentos se realizaron de acuerdo con las pautas y regulaciones pertinentes que se detallan a continuaci\u00f3n.<\/li>\n\n\n\n<li>Los autores deben citar el cumplimiento de la \u00abGu\u00eda para el cuidado y uso de animales de laboratorio\u00bb<\/li>\n\n\n\n<li>La \u00abPol\u00edtica sobre el cuidado humano y el uso de animales de laboratorio\u00bb y la \u00abGu\u00eda para el cuidado y uso de animales de laboratorio\u00bb del Servicio de Salud P\u00fablica.<\/li>\n\n\n\n<li>La investigaci\u00f3n en animales debe cumplir con las pautas \u00e9ticas de la Declaraci\u00f3n de Basilea y el Consejo Internacional para la Ciencia Animal de Laboratorio (ICLAS) tambi\u00e9n ha publicado pautas \u00e9ticas.<\/li>\n\n\n\n<li>El manuscrito debe incluir claramente una declaraci\u00f3n de cumplimiento con las directrices pertinentes (por ejemplo, la Ley de Animales (Procedimientos Cient\u00edficos) 1986 en el Reino Unido y la Directiva 2010\/63 \/ UE en Europa) y \/ o los permisos o licencias pertinentes obtenidos por la Declaraci\u00f3n de la Pol\u00edtica de la UICN sobre Investigaci\u00f3n sobre especies en riesgo de extinci\u00f3n y la Convenci\u00f3n sobre el comercio de especies amenazadas de fauna y flora silvestres.<\/li>\n\n\n\n<li><strong>Investigaci\u00f3n que involucra plantas<\/strong>\n<ol class=\"wp-block-list\">\n<li>Toda la investigaci\u00f3n experimental en plantas (cultivadas o silvestres) debe cumplir con las directrices internacionales. El manuscrito debe incluir claramente una declaraci\u00f3n de cumplimiento de los estudios de campo con las directrices pertinentes y \/ o los permisos o licencias pertinentes obtenidos por la Declaraci\u00f3n de la Pol\u00edtica de la UICN sobre la Investigaci\u00f3n con Especies en Riesgo de Extinci\u00f3n y la Convenci\u00f3n sobre el Comercio de Especies Amenazadas de Fauna y Flora Silvestres.<\/li>\n<\/ol>\n<\/li>\n<\/ol>\n\n\n\n<p>Con base en la normativa de la revista&nbsp;<strong><em>Current Opinion Nursing &amp; Research<\/em><\/strong><strong><em>,<\/em><\/strong>&nbsp;los autores de los art\u00edculos cient\u00edficos, tienen cuatro derechos sobre sus manuscritos: presentarlo en p\u00fablico, preparar trabajos derivados, reproducirlos y distribuirlos. Los interesados pueden reproducir la informaci\u00f3n de los trabajos cient\u00edficos (pero con la cita correspondiente, de otro modo se comete plagio) cuando se hace con prop\u00f3sitos espec\u00edficos en la ense\u00f1anza y la investigaci\u00f3n.<\/p>\n\n\n\n<p><strong>Costos por publicaci\u00f3n<\/strong><\/p>\n\n\n\n<p>La revista no cobra ning\u00fan arancel por publicaci\u00f3n.<\/p>\n\n\n\n<p><strong>&nbsp;<\/strong><strong>Fraude Cient\u00edfico<\/strong><\/p>\n\n\n\n<p><strong>&nbsp;<\/strong>El fraude en la publicaci\u00f3n cient\u00edfica hace referencia a la presentaci\u00f3n de datos o conclusiones falsas que no revelan los generados a trav\u00e9s de un proceso riguroso de investigaci\u00f3n. Existen los siguientes tipos de fraude en la publicaci\u00f3n de resultados de investigaci\u00f3n: i) Obtenci\u00f3n de datos. Inventar datos y resultados de investigaci\u00f3n para despu\u00e9s comunicarlos. ii) Falsificaci\u00f3n de datos.<strong>&nbsp;<\/strong>La manipulaci\u00f3n de materiales de investigaci\u00f3n, im\u00e1genes, datos, equipo o procesos. La falsificaci\u00f3n incluye la modificaci\u00f3n u omisi\u00f3n de datos o resultados de tal forma que la investigaci\u00f3n no se representa de manera precisa. Una persona podr\u00eda falsificar datos para adecuarla al resultado final deseado de un estudio.<\/p>\n\n\n\n<p><strong>&nbsp;<\/strong><strong>Recomendaci\u00f3n:<\/strong><\/p>\n\n\n\n<p>Antes de enviar un art\u00edculo, lea cuidadosamente las pol\u00edticas editoriales y de datos de la revista. Nunca modifique, cambie u omita datos de forma intencional. Esto incluye materiales de investigaci\u00f3n, procesos, equipos, tablas, citas y referencias bibliogr\u00e1ficas. Tanto la fabricaci\u00f3n como la falsificaci\u00f3n de datos son formas de conducta incorrecta graves porque ambas resultan en publicaciones cient\u00edficas que no reflejan con precisi\u00f3n la verdad observada.<\/p>\n\n\n\n<p>El autor debe hacer una gesti\u00f3n adecuada de los datos que soportan la investigaci\u00f3n, teniendo especial cuidado en la recopilaci\u00f3n, producci\u00f3n, conservaci\u00f3n, an\u00e1lisis y comunicaci\u00f3n de los datos.<\/p>\n\n\n\n<p>Mantenga registros minuciosos de los datos en bruto, los cuales deber\u00e1n ser accesibles en caso de que un editor los solicite incluso despu\u00e9s de publicado el art\u00edculo.<\/p>\n\n\n\n<p><strong>Plagio<\/strong><\/p>\n\n\n\n<p>El plagio es una de las formas m\u00e1s comunes de conducta incorrecta en las publicaciones, sucede cuando uno de los autores hace pasar como propio el trabajo de otros sin permiso, menci\u00f3n o reconocimiento. El plagio se presenta bajo formas diferentes, desde la copia literal hasta el parafraseado del trabajo de otra persona, incluyendo: datos, ideas, conceptos, palabras y frases.<\/p>\n\n\n\n<p><strong>&nbsp;<\/strong>El plagio tiene diferentes niveles de gravedad, como por ejemplo: i) Qu\u00e9 cantidad del trabajo de otra persona se tom\u00f3 (varias l\u00edneas, p\u00e1rrafos, p\u00e1ginas, todo el art\u00edculo) ii) Qu\u00e9 es lo que se copi\u00f3 (resultados, m\u00e9todos o secci\u00f3n de introducci\u00f3n)<\/p>\n\n\n\n<p>El plagio en todas sus formas constituye una conducta no \u00e9tica editorial y es inaceptable. La copia literal solo es aceptable si indica la fuente e incluye el texto copiado entre comillas.<\/p>\n\n\n\n<p><strong>Recomendaci\u00f3n:<\/strong><\/p>\n\n\n\n<p>Recuerde siempre que es esencial reconocer el trabajo de otros (incluidos el trabajo de su asesor o su propio trabajo previo) como parte del proceso. No reproduzca un trabajo palabra por palabra, en su totalidad o en parte, sin permiso y menci\u00f3n de la fuente original.<\/p>\n\n\n\n<p>Mantenga un registro de las fuentes que utiliza al investigar y d\u00f3nde las utiliz\u00f3 en su art\u00edculo. Aseg\u00farese de reconocer completamente y citar de forma adecuada la fuente original en su art\u00edculo. Incluso cuando haga referencia a la fuente, evite utilizar el trabajo de otras personas palabra por palabra salvo que lo haga entre comillas. El parafraseado solo es aceptable si indica correctamente la fuente y se asegura de no cambiar el significado de la intenci\u00f3n de la fuente. Incluya entre comillas y cite todo el contenido que haya tomado de una fuente publicada anteriormente, incluso si lo est\u00e1 diciendo con sus propias palabras.<\/p>\n\n\n\n<p><strong>Proceso de revisi\u00f3n de los manuscritos.<\/strong><\/p>\n\n\n\n<p>Cada manuscritos tendr\u00e1 asignado un editor que ser\u00e1 el responsable del proceso de revisi\u00f3n editorial. Todos los manuscritos, ser\u00e1n revisados an\u00f3nimamente por dos miembros del consejo Editorial Nacional y\/o Internacional expertos e independientes. El Comit\u00e9 de Redacci\u00f3n valorar\u00e1 dichos comentarios y se reserva el derecho de rechazar aquellos trabajos que no juzgue apropiados, as\u00ed como de proponer modificaciones cuando lo considere necesario.<\/p>\n\n\n\n<p>Los autores recibir\u00e1n el acuse de recibo de un art\u00edculo a trav\u00e9s del correo electr\u00f3nico (editornursingresearch@gmail.com). Siempre que el Comit\u00e9 de Redacci\u00f3n sugiera efectuar modificaciones en los art\u00edculos, los autores deber\u00e1n remitir la nueva versi\u00f3n del art\u00edculo y una carta en la que se expongan de forma detallada las modificaciones efectuadas, tanto las sugeridas por el propio Comit\u00e9 de Redacci\u00f3n como las que figuran en los informes de los expertos consultados. El env\u00edo de nuevas versiones deber\u00e1 realizarse tambi\u00e9n a trav\u00e9s de la direcci\u00f3n electr\u00f3nica&nbsp;<a href=\"mailto:editor.conr@uacucb.edu.bo\">editor.conr@uacucb.edu.bo<\/a>&nbsp; &#8211;&nbsp;&nbsp;<a href=\"mailto:editornursingresearch@gmail.com\">editornursingresearch@gmail.com<\/a><\/p>\n","protected":false},"excerpt":{"rendered":"<p>Para la investigaci\u00f3n con animales: Los autores deben indicar si los procedimientos seguidos est\u00e1n de acuerdo con los est\u00e1ndares establecidos en la&nbsp;octava edici\u00f3n de la Gu\u00eda para el cuidado y uso de animales de laboratorio, subvenciones.nih.gov\/grants\/olaw\/guide-for-the-care-and-use-of-laboratory-animals_prepub.pdf, publicado por la Academia Nacional de Ciencias, The National Academies Press, Washington, DC). Con base en la normativa de [&hellip;]<\/p>\n","protected":false},"author":1,"featured_media":0,"parent":0,"menu_order":0,"comment_status":"closed","ping_status":"closed","template":"","meta":{"pagelayer_contact_templates":[],"_pagelayer_content":"","footnotes":""},"wf_page_folders":[],"class_list":["post-362","page","type-page","status-publish","hentry"],"_links":{"self":[{"href":"https:\/\/revista.conr-bo.com\/revconr\/wp-json\/wp\/v2\/pages\/362","targetHints":{"allow":["GET"]}}],"collection":[{"href":"https:\/\/revista.conr-bo.com\/revconr\/wp-json\/wp\/v2\/pages"}],"about":[{"href":"https:\/\/revista.conr-bo.com\/revconr\/wp-json\/wp\/v2\/types\/page"}],"author":[{"embeddable":true,"href":"https:\/\/revista.conr-bo.com\/revconr\/wp-json\/wp\/v2\/users\/1"}],"replies":[{"embeddable":true,"href":"https:\/\/revista.conr-bo.com\/revconr\/wp-json\/wp\/v2\/comments?post=362"}],"version-history":[{"count":2,"href":"https:\/\/revista.conr-bo.com\/revconr\/wp-json\/wp\/v2\/pages\/362\/revisions"}],"predecessor-version":[{"id":368,"href":"https:\/\/revista.conr-bo.com\/revconr\/wp-json\/wp\/v2\/pages\/362\/revisions\/368"}],"wp:attachment":[{"href":"https:\/\/revista.conr-bo.com\/revconr\/wp-json\/wp\/v2\/media?parent=362"}],"wp:term":[{"taxonomy":"wf_page_folders","embeddable":true,"href":"https:\/\/revista.conr-bo.com\/revconr\/wp-json\/wp\/v2\/wf_page_folders?post=362"}],"curies":[{"name":"wp","href":"https:\/\/api.w.org\/{rel}","templated":true}]}}