{"id":477,"date":"2025-04-26T10:51:49","date_gmt":"2025-04-26T14:51:49","guid":{"rendered":"https:\/\/revista.conr-bo.com\/revconr\/?page_id=477"},"modified":"2025-06-30T17:44:31","modified_gmt":"2025-06-30T21:44:31","slug":"publicado-junio-2024","status":"publish","type":"page","link":"https:\/\/revista.conr-bo.com\/revconr\/publicado-junio-2024\/","title":{"rendered":"Publicado \u2013 Junio 2024"},"content":{"rendered":"\n<main class=\"wp-block-group has-gradient-1-gradient-background has-background has-global-padding is-layout-constrained wp-container-core-group-is-layout-54e30b29 wp-block-group-is-layout-constrained\" style=\"margin-top:0;margin-bottom:0;padding-top:0;padding-right:var(--wp--preset--spacing--10);padding-bottom:0;padding-left:var(--wp--preset--spacing--10)\">\n<div class=\"wp-block-columns are-vertically-aligned-center is-layout-flex wp-container-core-columns-is-layout-7fc3d43a wp-block-columns-is-layout-flex\">\n<div class=\"wp-block-column is-vertically-aligned-center wow animate__animated animate__fadeInUp is-layout-flow wp-block-column-is-layout-flow\">\n<div class=\"wp-block-cover has-custom-content-position is-position-bottom-right has-hover-effect remove-duotone has-border-color\" style=\"border-color:#fafafa6e;border-width:3px;border-radius:8px;min-height:816px;aspect-ratio:unset;\"><img loading=\"lazy\" decoding=\"async\" width=\"793\" height=\"1024\" class=\"wp-block-cover__image-background wp-image-288 size-large\" alt=\"\" src=\"https:\/\/revista.conr-bo.com\/revconr\/wp-content\/uploads\/2025\/04\/VOL-6-NUM-1-2024-793x1024.jpg\" data-object-fit=\"cover\" srcset=\"https:\/\/revista.conr-bo.com\/revconr\/wp-content\/uploads\/2025\/04\/VOL-6-NUM-1-2024-793x1024.jpg 793w, https:\/\/revista.conr-bo.com\/revconr\/wp-content\/uploads\/2025\/04\/VOL-6-NUM-1-2024-232x300.jpg 232w, https:\/\/revista.conr-bo.com\/revconr\/wp-content\/uploads\/2025\/04\/VOL-6-NUM-1-2024-768x992.jpg 768w, https:\/\/revista.conr-bo.com\/revconr\/wp-content\/uploads\/2025\/04\/VOL-6-NUM-1-2024-1189x1536.jpg 1189w, https:\/\/revista.conr-bo.com\/revconr\/wp-content\/uploads\/2025\/04\/VOL-6-NUM-1-2024-1586x2048.jpg 1586w, https:\/\/revista.conr-bo.com\/revconr\/wp-content\/uploads\/2025\/04\/VOL-6-NUM-1-2024-scaled.jpg 1982w\" sizes=\"auto, (max-width: 793px) 100vw, 793px\" \/><span aria-hidden=\"true\" class=\"wp-block-cover__background has-background-dim wp-block-cover__gradient-background has-background-gradient has-gradient-1-gradient-background\"><\/span><div class=\"wp-block-cover__inner-container has-global-padding is-layout-constrained wp-block-cover-is-layout-constrained\">\n<figure class=\"wp-block-image alignright size-full is-resized\"><a href=\"#\"><img decoding=\"async\" src=\"https:\/\/revista.conr-bo.com\/revconr\/wp-content\/themes\/biz-flick\/assets\/images\/arrow.png\" alt=\"\" class=\"wp-image-7\" style=\"width:65px\"\/><\/a><\/figure>\n<\/div><\/div>\n<\/div>\n\n\n\n<div class=\"wp-block-column is-vertically-aligned-center wow animate__animated animate__fadeInUp has-global-padding is-layout-constrained wp-block-column-is-layout-constrained\">\n<h2 class=\"wp-block-heading has-text-align-left has-heading-extra-style has-base-2-color has-text-color has-link-color wp-elements-eb84ee9732b31b3638c55d00f69a6b28\" style=\"font-size:clamp(14px, 0.875rem + ((1vw - 3.2px) * 0.37), 18px);font-style:normal;font-weight:900;line-height:1.4\">Editorial<\/h2>\n\n\n\n<p class=\"has-text-align-left\">El rol de la investigaci\u00f3n en la Universidad<\/p>\n\n\n\n<p class=\"has-text-align-left\">Gloria Libertad Condori Huanca (Autor\/a)<\/p>\n\n\n\n<p>1-2<\/p>\n\n\n\n\n\n<p>La importancia de los congresos como fuente de informaci\u00f3n para la innovaci\u00f3n y la generaci\u00f3n del conocimiento<\/p>\n\n\n\n<p>Gloria Libertad Condori Huanca (Autor\/a)<\/p>\n\n\n\n<p>3-5<\/p>\n\n\n\n\n\n\n\n<h2 class=\"wp-block-heading has-text-align-left has-heading-extra-style has-base-2-color has-text-color has-link-color wp-elements-1c2e117fcd8b142fcdecc97c0b909457\" style=\"font-size:clamp(14px, 0.875rem + ((1vw - 3.2px) * 0.37), 18px);font-style:normal;font-weight:900;line-height:1.4\">Art\u00edculo de Reflexi\u00f3n<\/h2>\n\n\n\n<p>Consecuencias del incumplimiento de normas y leyes que regulan el ejercicio m\u00e9dico. Caso m\u00e9dico<\/p>\n\n\n\n<p>Ismael Garc\u00eda Garduza (Autor\/a)<\/p>\n\n\n\n<p>6-25<\/p>\n\n\n\n<div class=\"wp-block-buttons is-content-justification-left is-layout-flex wp-container-core-buttons-is-layout-20f65760 wp-block-buttons-is-layout-flex\" style=\"padding-top:0;padding-bottom:0\">\n<div class=\"wp-block-button has-arrow-right is-style-outline is-style-outline--1\" id=\"https:\/\/revista.conr-bo.com\/revconr\/\"><a class=\"wp-block-button__link has-gradient-2-gradient-background has-background wp-element-button\" href=\"https:\/\/revista.conr-bo.com\/revconr\/articulo-de-reflexion\/\" style=\"border-style:none;border-width:0px;border-radius:6px;padding-top:var(--wp--preset--spacing--10);padding-right:15px;padding-bottom:var(--wp--preset--spacing--10);padding-left:15px\">PDF<\/a><\/div>\n<\/div>\n\n\n\n<ul style=\"margin-top:var(--wp--preset--spacing--20);margin-bottom:var(--wp--preset--spacing--20);line-height:1.6\" class=\"wp-block-list is-style-checkmark-list\"><\/ul>\n\n\n\n<div class=\"wp-block-buttons is-content-justification-left is-layout-flex wp-container-core-buttons-is-layout-63087798 wp-block-buttons-is-layout-flex\" style=\"padding-top:var(--wp--preset--spacing--20);padding-bottom:0\">\n<div class=\"wp-block-button has-arrow-right\"><a class=\"wp-block-button__link has-gradient-2-gradient-background has-background wp-element-button\" style=\"border-style:none;border-width:0px;border-radius:6px;padding-top:var(--wp--preset--spacing--10);padding-right:var(--wp--preset--spacing--30);padding-bottom:var(--wp--preset--spacing--10);padding-left:var(--wp--preset--spacing--30)\">Ver todos los N\u00fameros<img decoding=\"async\" class=\"wp-image-7\" style=\"width: 16px;\" src=\"https:\/\/revista.conr-bo.com\/revconr\/wp-content\/themes\/biz-flick\/assets\/images\/arrow.png\" alt=\"\"><\/a><\/div>\n\n\n\n<div class=\"wp-block-button has-arrow-right\"><a class=\"wp-block-button__link has-base-2-color has-gradient-3-gradient-background has-text-color has-background has-link-color wp-element-button\" href=\"https:\/\/revista.conr-bo.com\/revconr\/\" style=\"border-style:none;border-width:0px;border-radius:6px;padding-top:var(--wp--preset--spacing--10);padding-right:var(--wp--preset--spacing--30);padding-bottom:var(--wp--preset--spacing--10);padding-left:var(--wp--preset--spacing--30)\">Inicio <img decoding=\"async\" class=\"wp-image-7\" style=\"width: 16px;\" src=\"https:\/\/revista.conr-bo.com\/revconr\/wp-content\/themes\/biz-flick\/assets\/images\/arrow.png\" alt=\"\"><\/a><\/div>\n<\/div>\n<\/div>\n<\/div>\n<\/main>\n\n\n\n<p><\/p>\n","protected":false},"excerpt":{"rendered":"<p>Editorial El rol de la investigaci\u00f3n en la Universidad Gloria Libertad Condori Huanca (Autor\/a) 1-2 La importancia de los congresos como fuente de informaci\u00f3n para la innovaci\u00f3n y la generaci\u00f3n del conocimiento Gloria Libertad Condori Huanca (Autor\/a) 3-5 Art\u00edculo de Reflexi\u00f3n Consecuencias del incumplimiento de normas y leyes que regulan el ejercicio m\u00e9dico. Caso m\u00e9dico [&hellip;]<\/p>\n","protected":false},"author":1,"featured_media":0,"parent":0,"menu_order":0,"comment_status":"closed","ping_status":"closed","template":"","meta":{"pagelayer_contact_templates":[],"_pagelayer_content":"","footnotes":""},"wf_page_folders":[13],"class_list":["post-477","page","type-page","status-publish","hentry"],"_links":{"self":[{"href":"https:\/\/revista.conr-bo.com\/revconr\/wp-json\/wp\/v2\/pages\/477","targetHints":{"allow":["GET"]}}],"collection":[{"href":"https:\/\/revista.conr-bo.com\/revconr\/wp-json\/wp\/v2\/pages"}],"about":[{"href":"https:\/\/revista.conr-bo.com\/revconr\/wp-json\/wp\/v2\/types\/page"}],"author":[{"embeddable":true,"href":"https:\/\/revista.conr-bo.com\/revconr\/wp-json\/wp\/v2\/users\/1"}],"replies":[{"embeddable":true,"href":"https:\/\/revista.conr-bo.com\/revconr\/wp-json\/wp\/v2\/comments?post=477"}],"version-history":[{"count":7,"href":"https:\/\/revista.conr-bo.com\/revconr\/wp-json\/wp\/v2\/pages\/477\/revisions"}],"predecessor-version":[{"id":844,"href":"https:\/\/revista.conr-bo.com\/revconr\/wp-json\/wp\/v2\/pages\/477\/revisions\/844"}],"wp:attachment":[{"href":"https:\/\/revista.conr-bo.com\/revconr\/wp-json\/wp\/v2\/media?parent=477"}],"wp:term":[{"taxonomy":"wf_page_folders","embeddable":true,"href":"https:\/\/revista.conr-bo.com\/revconr\/wp-json\/wp\/v2\/wf_page_folders?post=477"}],"curies":[{"name":"wp","href":"https:\/\/api.w.org\/{rel}","templated":true}]}}