{"id":531,"date":"2025-04-26T13:36:43","date_gmt":"2025-04-26T17:36:43","guid":{"rendered":"https:\/\/revista.conr-bo.com\/revconr\/?page_id=531"},"modified":"2025-04-26T14:54:26","modified_gmt":"2025-04-26T18:54:26","slug":"publicado-junio-noviembre-2022","status":"publish","type":"page","link":"https:\/\/revista.conr-bo.com\/revconr\/publicado-junio-noviembre-2022\/","title":{"rendered":"Publicado  Junio &#8211; Noviembre 2022"},"content":{"rendered":"\n<main class=\"wp-block-group has-gradient-1-gradient-background has-background has-global-padding is-layout-constrained wp-container-core-group-is-layout-54e30b29 wp-block-group-is-layout-constrained\" style=\"margin-top:0;margin-bottom:0;padding-top:0;padding-right:var(--wp--preset--spacing--10);padding-bottom:0;padding-left:var(--wp--preset--spacing--10)\">\n<div class=\"wp-block-columns are-vertically-aligned-center is-layout-flex wp-container-core-columns-is-layout-7fc3d43a wp-block-columns-is-layout-flex\">\n<div class=\"wp-block-column is-vertically-aligned-center wow animate__animated animate__fadeInUp is-layout-flow wp-block-column-is-layout-flow\">\n<div class=\"wp-block-cover has-custom-content-position is-position-bottom-right has-hover-effect remove-duotone has-border-color\" style=\"border-color:#fafafa6e;border-width:3px;border-radius:8px;min-height:816px;aspect-ratio:unset;\"><img loading=\"lazy\" decoding=\"async\" width=\"650\" height=\"839\" class=\"wp-block-cover__image-background wp-image-110 size-full\" alt=\"\" src=\"https:\/\/revista.conr-bo.com\/revconr\/wp-content\/uploads\/2025\/03\/VOL-4-NUM-2-2022.png\" data-object-fit=\"cover\" srcset=\"https:\/\/revista.conr-bo.com\/revconr\/wp-content\/uploads\/2025\/03\/VOL-4-NUM-2-2022.png 650w, https:\/\/revista.conr-bo.com\/revconr\/wp-content\/uploads\/2025\/03\/VOL-4-NUM-2-2022-232x300.png 232w\" sizes=\"auto, (max-width: 650px) 100vw, 650px\" \/><span aria-hidden=\"true\" class=\"wp-block-cover__background has-background-dim wp-block-cover__gradient-background has-background-gradient has-gradient-1-gradient-background\"><\/span><div class=\"wp-block-cover__inner-container has-global-padding is-layout-constrained wp-block-cover-is-layout-constrained\">\n<figure class=\"wp-block-image alignright size-full is-resized\"><a href=\"#\"><img decoding=\"async\" src=\"https:\/\/revista.conr-bo.com\/revconr\/wp-content\/themes\/biz-flick\/assets\/images\/arrow.png\" alt=\"\" class=\"wp-image-7\" style=\"width:65px\"\/><\/a><\/figure>\n<\/div><\/div>\n<\/div>\n\n\n\n<div class=\"wp-block-column is-vertically-aligned-center wow animate__animated animate__fadeInUp has-global-padding is-layout-constrained wp-block-column-is-layout-constrained\">\n<h2 class=\"wp-block-heading has-text-align-left has-heading-extra-style has-base-2-color has-text-color has-link-color wp-elements-eb84ee9732b31b3638c55d00f69a6b28\" style=\"font-size:clamp(14px, 0.875rem + ((1vw - 3.2px) * 0.37), 18px);font-style:normal;font-weight:900;line-height:1.4\">Editorial<\/h2>\n\n\n\n<p class=\"has-text-align-left\">La edici\u00f3n de un n\u00famero. Una constante din\u00e1mica editorial<\/p>\n\n\n\n<p class=\"has-text-align-left\">Manuel Gregorio Loza Murgu\u00eda (Autor\/a)<\/p>\n\n\n\n<p>3-4<\/p>\n\n\n\n\n\n\n\n<h2 class=\"wp-block-heading has-text-align-left has-heading-extra-style has-base-2-color has-text-color has-link-color wp-elements-b2d5b54cd41997c53afe23902b231a75\" style=\"font-size:clamp(14px, 0.875rem + ((1vw - 3.2px) * 0.37), 18px);font-style:normal;font-weight:900;line-height:1.4\">Nota de Investigaci\u00f3n<\/h2>\n\n\n\n<p>Plantas medicinales como prevenci\u00f3n y tratamiento del COVID-19<\/p>\n\n\n\n<p>Silvia Marlene Musu\u00f1a Tipantu\u00f1a, Carmen Marlene Salguero Fiallos (Autor\/a)<\/p>\n\n\n\n<p>5-15<\/p>\n\n\n\n\n\n\n\n<h2 class=\"wp-block-heading has-text-align-left has-heading-extra-style has-base-2-color has-text-color has-link-color wp-elements-f08e6dc3151bb900406663f296cab8c1\" style=\"font-size:clamp(14px, 0.875rem + ((1vw - 3.2px) * 0.37), 18px);font-style:normal;font-weight:900;line-height:1.4\">Reporte de Caso<\/h2>\n\n\n\n<h3 class=\"wp-block-heading\" style=\"font-size:clamp(14px, 0.875rem + ((1vw - 3.2px) * 0.37), 18px);\">Pseudoquiste inflamatorio por Fasciola hepatica: revisi\u00f3n de un caso<\/h3>\n\n\n\n<p>Erika Tatiana Quispe Mamani, Mery C\u00e1ceres Mendoza, Leonardo Laura Guti\u00e9rrez (Autor\/a)<\/p>\n\n\n\n<p>16-22<\/p>\n\n\n\n\n\n\n\n<h2 class=\"wp-block-heading has-text-align-left has-heading-extra-style has-base-2-color has-text-color has-link-color wp-elements-08e6aa6fa0f081c122d8da54c9068281\" style=\"font-size:clamp(14px, 0.875rem + ((1vw - 3.2px) * 0.37), 18px);font-style:normal;font-weight:900;line-height:1.4\">Carta Cient\u00edfica<\/h2>\n\n\n\n<p>Oseltamivir (Tamiflu) en el tratamiento de pacientes infectados con COVID-19. Una visi\u00f3n general de su uso como terapia<\/p>\n\n\n\n<p>Gloria Libertad Condori Huanca (Autor\/a)<\/p>\n\n\n\n<p>23-26<\/p>\n\n\n\n\n\n\n\n<h2 class=\"wp-block-heading has-text-align-left has-heading-extra-style has-base-2-color has-text-color has-link-color wp-elements-cdc8afdff2a4afdb8eadaa67814b1655\" style=\"font-size:clamp(14px, 0.875rem + ((1vw - 3.2px) * 0.37), 18px);font-style:normal;font-weight:900;line-height:1.4\">Cartas al editor<\/h2>\n\n\n\n<p>Envejecimiento activo y saludable. Una aproximaci\u00f3n social<\/p>\n\n\n\n<p>Gloria Libertad Condori Huanca, Juana Quispe Quispe (Autor\/a)<\/p>\n\n\n\n<p>27-28<\/p>\n\n\n\n\n\n<div class=\"wp-block-buttons is-content-justification-left is-layout-flex wp-container-core-buttons-is-layout-63087798 wp-block-buttons-is-layout-flex\" style=\"padding-top:var(--wp--preset--spacing--20);padding-bottom:0\">\n<div class=\"wp-block-button has-arrow-right\"><a class=\"wp-block-button__link has-gradient-2-gradient-background has-background wp-element-button\" style=\"border-style:none;border-width:0px;border-radius:6px;padding-top:var(--wp--preset--spacing--10);padding-right:var(--wp--preset--spacing--30);padding-bottom:var(--wp--preset--spacing--10);padding-left:var(--wp--preset--spacing--30)\">Ver Todos los N\u00fameros <img decoding=\"async\" class=\"wp-image-7\" style=\"width: 16px;\" src=\"https:\/\/revista.conr-bo.com\/revconr\/wp-content\/themes\/biz-flick\/assets\/images\/arrow.png\" alt=\"\"><\/a><\/div>\n\n\n\n<div class=\"wp-block-button has-arrow-right\"><a class=\"wp-block-button__link has-base-2-color has-gradient-3-gradient-background has-text-color has-background has-link-color wp-element-button\" style=\"border-style:none;border-width:0px;border-radius:6px;padding-top:var(--wp--preset--spacing--10);padding-right:var(--wp--preset--spacing--30);padding-bottom:var(--wp--preset--spacing--10);padding-left:var(--wp--preset--spacing--30)\">Inicio<img decoding=\"async\" class=\"wp-image-7\" style=\"width: 16px;\" src=\"https:\/\/revista.conr-bo.com\/revconr\/wp-content\/themes\/biz-flick\/assets\/images\/arrow.png\" alt=\"\"><\/a><\/div>\n<\/div>\n<\/div>\n<\/div>\n<\/main>\n","protected":false},"excerpt":{"rendered":"<p>Editorial La edici\u00f3n de un n\u00famero. Una constante din\u00e1mica editorial Manuel Gregorio Loza Murgu\u00eda (Autor\/a) 3-4 Nota de Investigaci\u00f3n Plantas medicinales como prevenci\u00f3n y tratamiento del COVID-19 Silvia Marlene Musu\u00f1a Tipantu\u00f1a, Carmen Marlene Salguero Fiallos (Autor\/a) 5-15 Reporte de Caso Pseudoquiste inflamatorio por Fasciola hepatica: revisi\u00f3n de un caso Erika Tatiana Quispe Mamani, Mery C\u00e1ceres [&hellip;]<\/p>\n","protected":false},"author":1,"featured_media":0,"parent":0,"menu_order":0,"comment_status":"closed","ping_status":"closed","template":"","meta":{"pagelayer_contact_templates":[],"_pagelayer_content":"","footnotes":""},"wf_page_folders":[15],"class_list":["post-531","page","type-page","status-publish","hentry"],"_links":{"self":[{"href":"https:\/\/revista.conr-bo.com\/revconr\/wp-json\/wp\/v2\/pages\/531","targetHints":{"allow":["GET"]}}],"collection":[{"href":"https:\/\/revista.conr-bo.com\/revconr\/wp-json\/wp\/v2\/pages"}],"about":[{"href":"https:\/\/revista.conr-bo.com\/revconr\/wp-json\/wp\/v2\/types\/page"}],"author":[{"embeddable":true,"href":"https:\/\/revista.conr-bo.com\/revconr\/wp-json\/wp\/v2\/users\/1"}],"replies":[{"embeddable":true,"href":"https:\/\/revista.conr-bo.com\/revconr\/wp-json\/wp\/v2\/comments?post=531"}],"version-history":[{"count":7,"href":"https:\/\/revista.conr-bo.com\/revconr\/wp-json\/wp\/v2\/pages\/531\/revisions"}],"predecessor-version":[{"id":560,"href":"https:\/\/revista.conr-bo.com\/revconr\/wp-json\/wp\/v2\/pages\/531\/revisions\/560"}],"wp:attachment":[{"href":"https:\/\/revista.conr-bo.com\/revconr\/wp-json\/wp\/v2\/media?parent=531"}],"wp:term":[{"taxonomy":"wf_page_folders","embeddable":true,"href":"https:\/\/revista.conr-bo.com\/revconr\/wp-json\/wp\/v2\/wf_page_folders?post=531"}],"curies":[{"name":"wp","href":"https:\/\/api.w.org\/{rel}","templated":true}]}}