{"id":572,"date":"2025-04-26T15:07:20","date_gmt":"2025-04-26T19:07:20","guid":{"rendered":"https:\/\/revista.conr-bo.com\/revconr\/?page_id=572"},"modified":"2025-04-26T15:17:13","modified_gmt":"2025-04-26T19:17:13","slug":"publicado-junio-noviembre-2021","status":"publish","type":"page","link":"https:\/\/revista.conr-bo.com\/revconr\/publicado-junio-noviembre-2021\/","title":{"rendered":"Publicado  Junio &#8211; Noviembre 2021"},"content":{"rendered":"\n<main class=\"wp-block-group has-gradient-1-gradient-background has-background has-global-padding is-layout-constrained wp-container-core-group-is-layout-54e30b29 wp-block-group-is-layout-constrained\" style=\"margin-top:0;margin-bottom:0;padding-top:0;padding-right:var(--wp--preset--spacing--10);padding-bottom:0;padding-left:var(--wp--preset--spacing--10)\">\n<div class=\"wp-block-columns are-vertically-aligned-center is-layout-flex wp-container-core-columns-is-layout-7fc3d43a wp-block-columns-is-layout-flex\">\n<div class=\"wp-block-column is-vertically-aligned-center wow animate__animated animate__fadeInUp is-layout-flow wp-block-column-is-layout-flow\">\n<div class=\"wp-block-cover has-custom-content-position is-position-bottom-right has-hover-effect remove-duotone has-border-color\" style=\"border-color:#fafafa6e;border-width:3px;border-radius:8px;min-height:816px;aspect-ratio:unset;\"><img loading=\"lazy\" decoding=\"async\" width=\"1967\" height=\"2560\" class=\"wp-block-cover__image-background wp-image-260 size-full\" alt=\"\" src=\"https:\/\/revista.conr-bo.com\/revconr\/wp-content\/uploads\/2025\/04\/Vol-6-No-2-2024-CONR-peq-scaled.jpg\" data-object-fit=\"cover\" srcset=\"https:\/\/revista.conr-bo.com\/revconr\/wp-content\/uploads\/2025\/04\/Vol-6-No-2-2024-CONR-peq-scaled.jpg 1967w, https:\/\/revista.conr-bo.com\/revconr\/wp-content\/uploads\/2025\/04\/Vol-6-No-2-2024-CONR-peq-231x300.jpg 231w, https:\/\/revista.conr-bo.com\/revconr\/wp-content\/uploads\/2025\/04\/Vol-6-No-2-2024-CONR-peq-787x1024.jpg 787w, https:\/\/revista.conr-bo.com\/revconr\/wp-content\/uploads\/2025\/04\/Vol-6-No-2-2024-CONR-peq-768x999.jpg 768w, https:\/\/revista.conr-bo.com\/revconr\/wp-content\/uploads\/2025\/04\/Vol-6-No-2-2024-CONR-peq-1180x1536.jpg 1180w, https:\/\/revista.conr-bo.com\/revconr\/wp-content\/uploads\/2025\/04\/Vol-6-No-2-2024-CONR-peq-1574x2048.jpg 1574w\" sizes=\"auto, (max-width: 1967px) 100vw, 1967px\" \/><span aria-hidden=\"true\" class=\"wp-block-cover__background has-background-dim wp-block-cover__gradient-background has-background-gradient has-gradient-1-gradient-background\"><\/span><div class=\"wp-block-cover__inner-container has-global-padding is-layout-constrained wp-block-cover-is-layout-constrained\">\n<figure class=\"wp-block-image alignright size-full is-resized\"><a href=\"#\"><img decoding=\"async\" src=\"https:\/\/revista.conr-bo.com\/revconr\/wp-content\/themes\/biz-flick\/assets\/images\/arrow.png\" alt=\"\" class=\"wp-image-7\" style=\"width:65px\"\/><\/a><\/figure>\n<\/div><\/div>\n<\/div>\n\n\n\n<div class=\"wp-block-column is-vertically-aligned-center wow animate__animated animate__fadeInUp has-global-padding is-layout-constrained wp-block-column-is-layout-constrained\">\n<h2 class=\"wp-block-heading has-text-align-left has-heading-extra-style has-base-2-color has-text-color has-link-color wp-elements-eb84ee9732b31b3638c55d00f69a6b28\" style=\"font-size:clamp(14px, 0.875rem + ((1vw - 3.2px) * 0.37), 18px);font-style:normal;font-weight:900;line-height:1.4\">Editorial<\/h2>\n\n\n\n<p class=\"has-text-align-left\">Gesti\u00f3n editorial: innovaci\u00f3n perspectiva y futuro en un mundo cambiante<\/p>\n\n\n\n<p class=\"has-text-align-left\">Manuel Gregorio Loza Murguia (Autor\/a)<\/p>\n\n\n\n<p>37<\/p>\n\n\n\n\n\n\n\n<h2 class=\"wp-block-heading has-text-align-left has-heading-extra-style has-base-2-color has-text-color has-link-color wp-elements-df884d77082b0f78db4b714405b7c2ef\" style=\"font-size:clamp(14px, 0.875rem + ((1vw - 3.2px) * 0.37), 18px);font-style:normal;font-weight:900;line-height:1.4\">Art\u00edculos de Investigaci\u00f3n<\/h2>\n\n\n\n<p>Prevalencia de factores de riesgo cardiometab\u00f3lico en estudiantes de Enfermer\u00eda de la Universidad Cat\u00f3lica Boliviana \u201cSan Pablo\u201d Pucarani gesti\u00f3n 2019<\/p>\n\n\n\n<p>Gloria Libertad Condori Huanca, Norma Murillo Quiroga, Juana Pinto Barrios (Autor\/a)<\/p>\n\n\n\n<p>38-50<\/p>\n\n\n\n\n\n<div class=\"wp-block-buttons is-content-justification-left is-layout-flex wp-container-core-buttons-is-layout-63087798 wp-block-buttons-is-layout-flex\" style=\"padding-top:var(--wp--preset--spacing--20);padding-bottom:0\">\n<div class=\"wp-block-button has-arrow-right\"><a class=\"wp-block-button__link has-gradient-2-gradient-background has-background wp-element-button\" style=\"border-style:none;border-width:0px;border-radius:6px;padding-top:var(--wp--preset--spacing--10);padding-right:var(--wp--preset--spacing--30);padding-bottom:var(--wp--preset--spacing--10);padding-left:var(--wp--preset--spacing--30)\">Ver Todos los N\u00fameros <img decoding=\"async\" class=\"wp-image-7\" style=\"width: 16px;\" src=\"https:\/\/revista.conr-bo.com\/revconr\/wp-content\/themes\/biz-flick\/assets\/images\/arrow.png\" alt=\"\"><\/a><\/div>\n\n\n\n<div class=\"wp-block-button has-arrow-right\"><a class=\"wp-block-button__link has-base-2-color has-gradient-3-gradient-background has-text-color has-background has-link-color wp-element-button\" style=\"border-style:none;border-width:0px;border-radius:6px;padding-top:var(--wp--preset--spacing--10);padding-right:var(--wp--preset--spacing--30);padding-bottom:var(--wp--preset--spacing--10);padding-left:var(--wp--preset--spacing--30)\">Inicio<img decoding=\"async\" class=\"wp-image-7\" style=\"width: 16px;\" src=\"https:\/\/revista.conr-bo.com\/revconr\/wp-content\/themes\/biz-flick\/assets\/images\/arrow.png\" alt=\"\"><\/a><\/div>\n<\/div>\n<\/div>\n<\/div>\n<\/main>\n","protected":false},"excerpt":{"rendered":"<p>Editorial Gesti\u00f3n editorial: innovaci\u00f3n perspectiva y futuro en un mundo cambiante Manuel Gregorio Loza Murguia (Autor\/a) 37 Art\u00edculos de Investigaci\u00f3n Prevalencia de factores de riesgo cardiometab\u00f3lico en estudiantes de Enfermer\u00eda de la Universidad Cat\u00f3lica Boliviana \u201cSan Pablo\u201d Pucarani gesti\u00f3n 2019 Gloria Libertad Condori Huanca, Norma Murillo Quiroga, Juana Pinto Barrios (Autor\/a) 38-50<\/p>\n","protected":false},"author":1,"featured_media":0,"parent":0,"menu_order":0,"comment_status":"closed","ping_status":"closed","template":"","meta":{"pagelayer_contact_templates":[],"_pagelayer_content":"","footnotes":""},"wf_page_folders":[21],"class_list":["post-572","page","type-page","status-publish","hentry"],"_links":{"self":[{"href":"https:\/\/revista.conr-bo.com\/revconr\/wp-json\/wp\/v2\/pages\/572","targetHints":{"allow":["GET"]}}],"collection":[{"href":"https:\/\/revista.conr-bo.com\/revconr\/wp-json\/wp\/v2\/pages"}],"about":[{"href":"https:\/\/revista.conr-bo.com\/revconr\/wp-json\/wp\/v2\/types\/page"}],"author":[{"embeddable":true,"href":"https:\/\/revista.conr-bo.com\/revconr\/wp-json\/wp\/v2\/users\/1"}],"replies":[{"embeddable":true,"href":"https:\/\/revista.conr-bo.com\/revconr\/wp-json\/wp\/v2\/comments?post=572"}],"version-history":[{"count":5,"href":"https:\/\/revista.conr-bo.com\/revconr\/wp-json\/wp\/v2\/pages\/572\/revisions"}],"predecessor-version":[{"id":587,"href":"https:\/\/revista.conr-bo.com\/revconr\/wp-json\/wp\/v2\/pages\/572\/revisions\/587"}],"wp:attachment":[{"href":"https:\/\/revista.conr-bo.com\/revconr\/wp-json\/wp\/v2\/media?parent=572"}],"wp:term":[{"taxonomy":"wf_page_folders","embeddable":true,"href":"https:\/\/revista.conr-bo.com\/revconr\/wp-json\/wp\/v2\/wf_page_folders?post=572"}],"curies":[{"name":"wp","href":"https:\/\/api.w.org\/{rel}","templated":true}]}}