{"id":660,"date":"2025-04-30T15:30:28","date_gmt":"2025-04-30T19:30:28","guid":{"rendered":"https:\/\/revista.conr-bo.com\/revconr\/?page_id=660"},"modified":"2025-04-30T16:18:29","modified_gmt":"2025-04-30T20:18:29","slug":"publicado-junio-diciembre-2021-2","status":"publish","type":"page","link":"https:\/\/revista.conr-bo.com\/revconr\/publicado-junio-diciembre-2021-2\/","title":{"rendered":"Publicado  Junio &#8211; Diciembre 2021"},"content":{"rendered":"\n<main class=\"wp-block-group has-gradient-1-gradient-background has-background has-global-padding is-layout-constrained wp-container-core-group-is-layout-54e30b29 wp-block-group-is-layout-constrained\" style=\"margin-top:0;margin-bottom:0;padding-top:0;padding-right:var(--wp--preset--spacing--10);padding-bottom:0;padding-left:var(--wp--preset--spacing--10)\">\n<div class=\"wp-block-columns are-vertically-aligned-center is-layout-flex wp-container-core-columns-is-layout-7fc3d43a wp-block-columns-is-layout-flex\">\n<div class=\"wp-block-column is-vertically-aligned-center wow animate__animated animate__fadeInUp is-layout-flow wp-block-column-is-layout-flow\">\n<div class=\"wp-block-cover has-custom-content-position is-position-bottom-right has-hover-effect remove-duotone has-border-color\" style=\"border-color:#fafafa6e;border-width:3px;border-radius:8px;min-height:816px;aspect-ratio:unset;\"><img loading=\"lazy\" decoding=\"async\" width=\"990\" height=\"1280\" class=\"wp-block-cover__image-background wp-image-428 size-full\" alt=\"\" src=\"https:\/\/revista.conr-bo.com\/revconr\/wp-content\/uploads\/2025\/04\/Vol.-3-Num.-1-2021.jpg\" data-object-fit=\"cover\" srcset=\"https:\/\/revista.conr-bo.com\/revconr\/wp-content\/uploads\/2025\/04\/Vol.-3-Num.-1-2021.jpg 990w, https:\/\/revista.conr-bo.com\/revconr\/wp-content\/uploads\/2025\/04\/Vol.-3-Num.-1-2021-232x300.jpg 232w, https:\/\/revista.conr-bo.com\/revconr\/wp-content\/uploads\/2025\/04\/Vol.-3-Num.-1-2021-792x1024.jpg 792w, https:\/\/revista.conr-bo.com\/revconr\/wp-content\/uploads\/2025\/04\/Vol.-3-Num.-1-2021-768x993.jpg 768w\" sizes=\"auto, (max-width: 990px) 100vw, 990px\" \/><span aria-hidden=\"true\" class=\"wp-block-cover__background has-background-dim wp-block-cover__gradient-background has-background-gradient has-gradient-1-gradient-background\"><\/span><div class=\"wp-block-cover__inner-container has-global-padding is-layout-constrained wp-block-cover-is-layout-constrained\">\n<figure class=\"wp-block-image alignright size-full is-resized\"><a href=\"#\"><img decoding=\"async\" src=\"https:\/\/revista.conr-bo.com\/revconr\/wp-content\/themes\/biz-flick\/assets\/images\/arrow.png\" alt=\"\" class=\"wp-image-7\" style=\"width:65px\"\/><\/a><\/figure>\n<\/div><\/div>\n<\/div>\n\n\n\n<div class=\"wp-block-column is-vertically-aligned-center wow animate__animated animate__fadeInUp has-global-padding is-layout-constrained wp-block-column-is-layout-constrained\">\n<h2 class=\"wp-block-heading has-text-align-left has-heading-extra-style has-base-2-color has-text-color has-link-color wp-elements-eb84ee9732b31b3638c55d00f69a6b28\" style=\"font-size:clamp(14px, 0.875rem + ((1vw - 3.2px) * 0.37), 18px);font-style:normal;font-weight:900;line-height:1.4\">Editorial<\/h2>\n\n\n\n<p class=\"has-text-align-left\">Crecimiento postraum\u00e1tico durante la pandemia de COVID-19.<\/p>\n\n\n\n<p class=\"has-text-align-left\">Cristian Antony Ramos Vera (Autor\/a)<\/p>\n\n\n\n<p>1-3<\/p>\n\n\n\n\n\n<h2 class=\"wp-block-heading has-text-align-left has-heading-extra-style has-base-2-color has-text-color has-link-color wp-elements-f03073d635d641778d57a15c42e1c9ef\" style=\"font-size:clamp(14px, 0.875rem + ((1vw - 3.2px) * 0.37), 18px);font-style:normal;font-weight:900;line-height:1.4\">Nota de Investigaci\u00f3n <\/h2>\n\n\n\n<p class=\"has-text-align-left\">H\u00e1bitos de acceso y adicci\u00f3n a redes sociales virtuales en estudiantes de secundaria de Unidades Educativas de Sucre.<\/p>\n\n\n\n<p class=\"has-text-align-left\">Mar\u00eda Felicidad Vargas Serrudo, Mary Luz Parra Murillo, Wendy Carola Cortez Rojas, Ramiro Osvaldo Vargas Serrudo (Autor\/a)<\/p>\n\n\n\n<p>4-15<\/p>\n\n\n\n\n\n\n\n<h2 class=\"wp-block-heading has-text-align-left has-heading-extra-style has-base-2-color has-text-color has-link-color wp-elements-77919941e54489045ccfdba1b029de06\" style=\"font-size:clamp(14px, 0.875rem + ((1vw - 3.2px) * 0.37), 18px);font-style:normal;font-weight:900;line-height:1.4\">Art\u00edculo de Revisi\u00f3n<\/h2>\n\n\n\n<p>S\u00edndrome de Cushing por consumo excesivo de corticoesteroides.<\/p>\n\n\n\n<p>Lizbeth Karen Mamani Huanca, Silvia Chura Catacora, Helen Jessica Alejo Callisaya, Manuel Gregorio Loza Murguia, Gerardo Fernando Fern\u00e1ndez Soto (Autor\/a)<\/p>\n\n\n\n<p>16-26<\/p>\n\n\n\n\n\n\n\n<h2 class=\"wp-block-heading has-text-align-left has-heading-extra-style has-base-2-color has-text-color has-link-color wp-elements-a35efbaa989af80f53458bb2b25a34bd\" style=\"font-size:clamp(14px, 0.875rem + ((1vw - 3.2px) * 0.37), 18px);font-style:normal;font-weight:900;line-height:1.4\">Art\u00edculos de Mini Revisi\u00f3n<\/h2>\n\n\n\n<p>Tiempos complejos, sistemas complejos: El an\u00e1lisis de red ante el impacto de COVID-19 y las din\u00e1micas de salud.<\/p>\n\n\n\n<p>Cristian Antony Ramos Vera (Autor\/a)<\/p>\n\n\n\n<p>27-33<\/p>\n\n\n\n\n\n\n\n<h2 class=\"wp-block-heading has-text-align-left has-heading-extra-style has-base-2-color has-text-color has-link-color wp-elements-130b0465b6ad9fd0f24fd654c83197d9\" style=\"font-size:clamp(14px, 0.875rem + ((1vw - 3.2px) * 0.37), 18px);font-style:normal;font-weight:900;line-height:1.4\">Cartas al Editor<\/h2>\n\n\n\n<p>Implementaci\u00f3n de la materia de procedimientos de la cadena de custodia en la malla curricular de la Carrera de Enfermer\u00eda en las universidades de la Ciudad de La Paz: contribuciones al perfil profesional.<\/p>\n\n\n\n<p>Mary Luz Parra Murillo (Autor\/a)<\/p>\n\n\n\n<p>34-36<\/p>\n\n\n\n\n\n<div class=\"wp-block-buttons is-content-justification-left is-layout-flex wp-container-core-buttons-is-layout-63087798 wp-block-buttons-is-layout-flex\" style=\"padding-top:var(--wp--preset--spacing--20);padding-bottom:0\">\n<div class=\"wp-block-button has-arrow-right\"><a class=\"wp-block-button__link has-gradient-2-gradient-background has-background wp-element-button\" style=\"border-style:none;border-width:0px;border-radius:6px;padding-top:var(--wp--preset--spacing--10);padding-right:var(--wp--preset--spacing--30);padding-bottom:var(--wp--preset--spacing--10);padding-left:var(--wp--preset--spacing--30)\">Ver Todos los N\u00fameros <img decoding=\"async\" class=\"wp-image-7\" style=\"width: 16px;\" src=\"https:\/\/revista.conr-bo.com\/revconr\/wp-content\/themes\/biz-flick\/assets\/images\/arrow.png\" alt=\"\"><\/a><\/div>\n\n\n\n<div class=\"wp-block-button has-arrow-right\"><a class=\"wp-block-button__link has-base-2-color has-gradient-3-gradient-background has-text-color has-background has-link-color wp-element-button\" style=\"border-style:none;border-width:0px;border-radius:6px;padding-top:var(--wp--preset--spacing--10);padding-right:var(--wp--preset--spacing--30);padding-bottom:var(--wp--preset--spacing--10);padding-left:var(--wp--preset--spacing--30)\">Inicio<img decoding=\"async\" class=\"wp-image-7\" style=\"width: 16px;\" src=\"https:\/\/revista.conr-bo.com\/revconr\/wp-content\/themes\/biz-flick\/assets\/images\/arrow.png\" alt=\"\"><\/a><\/div>\n<\/div>\n<\/div>\n<\/div>\n<\/main>\n","protected":false},"excerpt":{"rendered":"<p>Editorial Crecimiento postraum\u00e1tico durante la pandemia de COVID-19. Cristian Antony Ramos Vera (Autor\/a) 1-3 Nota de Investigaci\u00f3n H\u00e1bitos de acceso y adicci\u00f3n a redes sociales virtuales en estudiantes de secundaria de Unidades Educativas de Sucre. Mar\u00eda Felicidad Vargas Serrudo, Mary Luz Parra Murillo, Wendy Carola Cortez Rojas, Ramiro Osvaldo Vargas Serrudo (Autor\/a) 4-15 Art\u00edculo de [&hellip;]<\/p>\n","protected":false},"author":1,"featured_media":0,"parent":0,"menu_order":0,"comment_status":"closed","ping_status":"closed","template":"","meta":{"pagelayer_contact_templates":[],"_pagelayer_content":"","footnotes":""},"wf_page_folders":[17],"class_list":["post-660","page","type-page","status-publish","hentry"],"_links":{"self":[{"href":"https:\/\/revista.conr-bo.com\/revconr\/wp-json\/wp\/v2\/pages\/660","targetHints":{"allow":["GET"]}}],"collection":[{"href":"https:\/\/revista.conr-bo.com\/revconr\/wp-json\/wp\/v2\/pages"}],"about":[{"href":"https:\/\/revista.conr-bo.com\/revconr\/wp-json\/wp\/v2\/types\/page"}],"author":[{"embeddable":true,"href":"https:\/\/revista.conr-bo.com\/revconr\/wp-json\/wp\/v2\/users\/1"}],"replies":[{"embeddable":true,"href":"https:\/\/revista.conr-bo.com\/revconr\/wp-json\/wp\/v2\/comments?post=660"}],"version-history":[{"count":6,"href":"https:\/\/revista.conr-bo.com\/revconr\/wp-json\/wp\/v2\/pages\/660\/revisions"}],"predecessor-version":[{"id":687,"href":"https:\/\/revista.conr-bo.com\/revconr\/wp-json\/wp\/v2\/pages\/660\/revisions\/687"}],"wp:attachment":[{"href":"https:\/\/revista.conr-bo.com\/revconr\/wp-json\/wp\/v2\/media?parent=660"}],"wp:term":[{"taxonomy":"wf_page_folders","embeddable":true,"href":"https:\/\/revista.conr-bo.com\/revconr\/wp-json\/wp\/v2\/wf_page_folders?post=660"}],"curies":[{"name":"wp","href":"https:\/\/api.w.org\/{rel}","templated":true}]}}