{"id":743,"date":"2025-06-27T16:02:11","date_gmt":"2025-06-27T20:02:11","guid":{"rendered":"https:\/\/revista.conr-bo.com\/revconr\/?page_id=743"},"modified":"2025-06-27T17:40:27","modified_gmt":"2025-06-27T21:40:27","slug":"publicado-junio-2020-v2n1","status":"publish","type":"page","link":"https:\/\/revista.conr-bo.com\/revconr\/publicado-junio-2020-v2n1\/","title":{"rendered":"Publicado  Junio  2020 VOL2 N1"},"content":{"rendered":"\n<main class=\"wp-block-group has-gradient-1-gradient-background has-background has-global-padding is-layout-constrained wp-container-core-group-is-layout-54e30b29 wp-block-group-is-layout-constrained\" style=\"margin-top:0;margin-bottom:0;padding-top:0;padding-right:var(--wp--preset--spacing--10);padding-bottom:0;padding-left:var(--wp--preset--spacing--10)\">\n<div class=\"wp-block-columns are-vertically-aligned-center is-layout-flex wp-container-core-columns-is-layout-7fc3d43a wp-block-columns-is-layout-flex\">\n<div class=\"wp-block-column is-vertically-aligned-center wow animate__animated animate__fadeInUp is-layout-flow wp-block-column-is-layout-flow\">\n<div class=\"wp-block-cover has-custom-content-position is-position-bottom-right has-hover-effect remove-duotone has-border-color\" style=\"border-color:#fafafa6e;border-width:3px;border-radius:8px;min-height:816px;aspect-ratio:unset;\"><img loading=\"lazy\" decoding=\"async\" width=\"1982\" height=\"2560\" class=\"wp-block-cover__image-background wp-image-430 size-full\" alt=\"\" src=\"https:\/\/revista.conr-bo.com\/revconr\/wp-content\/uploads\/2025\/04\/Vol.-2-Num.-1-2020-scaled.jpg\" data-object-fit=\"cover\" srcset=\"https:\/\/revista.conr-bo.com\/revconr\/wp-content\/uploads\/2025\/04\/Vol.-2-Num.-1-2020-scaled.jpg 1982w, https:\/\/revista.conr-bo.com\/revconr\/wp-content\/uploads\/2025\/04\/Vol.-2-Num.-1-2020-232x300.jpg 232w, https:\/\/revista.conr-bo.com\/revconr\/wp-content\/uploads\/2025\/04\/Vol.-2-Num.-1-2020-793x1024.jpg 793w, https:\/\/revista.conr-bo.com\/revconr\/wp-content\/uploads\/2025\/04\/Vol.-2-Num.-1-2020-768x992.jpg 768w, https:\/\/revista.conr-bo.com\/revconr\/wp-content\/uploads\/2025\/04\/Vol.-2-Num.-1-2020-1189x1536.jpg 1189w, https:\/\/revista.conr-bo.com\/revconr\/wp-content\/uploads\/2025\/04\/Vol.-2-Num.-1-2020-1586x2048.jpg 1586w\" sizes=\"auto, (max-width: 1982px) 100vw, 1982px\" \/><span aria-hidden=\"true\" class=\"wp-block-cover__background has-background-dim wp-block-cover__gradient-background has-background-gradient has-gradient-1-gradient-background\"><\/span><div class=\"wp-block-cover__inner-container has-global-padding is-layout-constrained wp-block-cover-is-layout-constrained\">\n<figure class=\"wp-block-image alignright size-full is-resized\"><a href=\"#\"><img decoding=\"async\" src=\"https:\/\/revista.conr-bo.com\/revconr\/wp-content\/themes\/biz-flick\/assets\/images\/arrow.png\" alt=\"\" class=\"wp-image-7\" style=\"width:65px\"\/><\/a><\/figure>\n<\/div><\/div>\n<\/div>\n\n\n\n<div class=\"wp-block-column is-vertically-aligned-center wow animate__animated animate__fadeInUp has-global-padding is-layout-constrained wp-block-column-is-layout-constrained\">\n<h2 class=\"wp-block-heading has-text-align-left has-heading-extra-style has-base-2-color has-text-color has-link-color wp-elements-eb84ee9732b31b3638c55d00f69a6b28\" style=\"font-size:clamp(14px, 0.875rem + ((1vw - 3.2px) * 0.37), 18px);font-style:normal;font-weight:900;line-height:1.4\">Editorial<\/h2>\n\n\n\n<p class=\"has-text-align-left\"><a href=\"https:\/\/revista.conr-bo.com\/revconr\/publicado-junio-2020-v2n1\/\">El plagio: Una problem\u00e1tica latente en las instituciones acad\u00e9micas<\/a><\/p>\n\n\n\n<p class=\"has-text-align-left\">Manuel Gregorio Loza Murgu\u00eda (Autor\/a)<\/p>\n\n\n\n<p>1-2<\/p>\n\n\n\n\n\n\n\n<h2 class=\"wp-block-heading has-text-align-left has-heading-extra-style has-base-2-color has-text-color has-link-color wp-elements-b2d5b54cd41997c53afe23902b231a75\" style=\"font-size:clamp(14px, 0.875rem + ((1vw - 3.2px) * 0.37), 18px);font-style:normal;font-weight:900;line-height:1.4\">Nota de Investigaci\u00f3n<\/h2>\n\n\n\n<p><a href=\"https:\/\/revista.conr-bo.com\/revconr\/nota-de-investigacion-7\/\">Evaluaci\u00f3n del m\u00e9todo cono Leep de las lesiones intraepitelial de alto grado en colposcopia. Una mirada del a\u00f1o 2018<\/a><\/p>\n\n\n\n<p>Claudina Laura de Cuevas, Marisol Limachi Huaricallo (Autor\/a)<\/p>\n\n\n\n<p>3-8<\/p>\n\n\n\n\n\n<p><a href=\"https:\/\/revista.conr-bo.com\/revconr\/nota-de-investigacion-8\/\">Introducci\u00f3n precoz de lecha maternizada ha reci\u00e9n nacido de t\u00e9rmino, en madres que asisten al Centro de salud Villa Dolores<\/a><\/p>\n\n\n\n<p>Mar\u00eda Luisa Rodr\u00edguez Andrade, Marisol Quispe Troche (Autor\/a)<\/p>\n\n\n\n<p>9-16<\/p>\n\n\n\n\n\n\n\n<div class=\"wp-block-buttons is-content-justification-left is-layout-flex wp-container-core-buttons-is-layout-63087798 wp-block-buttons-is-layout-flex\" style=\"padding-top:var(--wp--preset--spacing--20);padding-bottom:0\">\n<div class=\"wp-block-button has-arrow-right\"><a class=\"wp-block-button__link has-gradient-2-gradient-background has-background wp-element-button\" href=\"https:\/\/revista.conr-bo.com\/revconr\/ver-todos-nuestras-publicaciones\/\" style=\"border-style:none;border-width:0px;border-radius:6px;padding-top:var(--wp--preset--spacing--10);padding-right:var(--wp--preset--spacing--30);padding-bottom:var(--wp--preset--spacing--10);padding-left:var(--wp--preset--spacing--30)\">Ver Todos los N\u00fameros <img decoding=\"async\" class=\"wp-image-7\" style=\"width: 16px;\" src=\"https:\/\/revista.conr-bo.com\/revconr\/wp-content\/themes\/biz-flick\/assets\/images\/arrow.png\" alt=\"\"><\/a><\/div>\n\n\n\n<div class=\"wp-block-button has-arrow-right\"><a class=\"wp-block-button__link has-base-2-color has-gradient-3-gradient-background has-text-color has-background has-link-color wp-element-button\" href=\"https:\/\/revista.conr-bo.com\/revconr\/\" style=\"border-style:none;border-width:0px;border-radius:6px;padding-top:var(--wp--preset--spacing--10);padding-right:var(--wp--preset--spacing--30);padding-bottom:var(--wp--preset--spacing--10);padding-left:var(--wp--preset--spacing--30)\">Inicio<img decoding=\"async\" class=\"wp-image-7\" style=\"width: 16px;\" src=\"https:\/\/revista.conr-bo.com\/revconr\/wp-content\/themes\/biz-flick\/assets\/images\/arrow.png\" alt=\"\"><\/a><\/div>\n<\/div>\n<\/div>\n<\/div>\n<\/main>\n","protected":false},"excerpt":{"rendered":"<p>Editorial El plagio: Una problem\u00e1tica latente en las instituciones acad\u00e9micas Manuel Gregorio Loza Murgu\u00eda (Autor\/a) 1-2 Nota de Investigaci\u00f3n Evaluaci\u00f3n del m\u00e9todo cono Leep de las lesiones intraepitelial de alto grado en colposcopia. Una mirada del a\u00f1o 2018 Claudina Laura de Cuevas, Marisol Limachi Huaricallo (Autor\/a) 3-8 Introducci\u00f3n precoz de lecha maternizada ha reci\u00e9n nacido [&hellip;]<\/p>\n","protected":false},"author":1,"featured_media":0,"parent":0,"menu_order":0,"comment_status":"closed","ping_status":"closed","template":"","meta":{"pagelayer_contact_templates":[],"_pagelayer_content":"","footnotes":""},"wf_page_folders":[20],"class_list":["post-743","page","type-page","status-publish","hentry"],"_links":{"self":[{"href":"https:\/\/revista.conr-bo.com\/revconr\/wp-json\/wp\/v2\/pages\/743","targetHints":{"allow":["GET"]}}],"collection":[{"href":"https:\/\/revista.conr-bo.com\/revconr\/wp-json\/wp\/v2\/pages"}],"about":[{"href":"https:\/\/revista.conr-bo.com\/revconr\/wp-json\/wp\/v2\/types\/page"}],"author":[{"embeddable":true,"href":"https:\/\/revista.conr-bo.com\/revconr\/wp-json\/wp\/v2\/users\/1"}],"replies":[{"embeddable":true,"href":"https:\/\/revista.conr-bo.com\/revconr\/wp-json\/wp\/v2\/comments?post=743"}],"version-history":[{"count":10,"href":"https:\/\/revista.conr-bo.com\/revconr\/wp-json\/wp\/v2\/pages\/743\/revisions"}],"predecessor-version":[{"id":791,"href":"https:\/\/revista.conr-bo.com\/revconr\/wp-json\/wp\/v2\/pages\/743\/revisions\/791"}],"wp:attachment":[{"href":"https:\/\/revista.conr-bo.com\/revconr\/wp-json\/wp\/v2\/media?parent=743"}],"wp:term":[{"taxonomy":"wf_page_folders","embeddable":true,"href":"https:\/\/revista.conr-bo.com\/revconr\/wp-json\/wp\/v2\/wf_page_folders?post=743"}],"curies":[{"name":"wp","href":"https:\/\/api.w.org\/{rel}","templated":true}]}}