{"id":854,"date":"2025-09-02T11:01:02","date_gmt":"2025-09-02T15:01:02","guid":{"rendered":"https:\/\/revista.conr-bo.com\/revconr\/?page_id=854"},"modified":"2025-09-02T12:55:04","modified_gmt":"2025-09-02T16:55:04","slug":"publicado-junio-2025","status":"publish","type":"page","link":"https:\/\/revista.conr-bo.com\/revconr\/publicado-junio-2025\/","title":{"rendered":"Publicado  &#8211; Junio 2025"},"content":{"rendered":"\n<main class=\"wp-block-group has-gradient-1-gradient-background has-background has-global-padding is-layout-constrained wp-container-core-group-is-layout-54e30b29 wp-block-group-is-layout-constrained\" style=\"margin-top:0;margin-bottom:0;padding-top:0;padding-right:var(--wp--preset--spacing--10);padding-bottom:0;padding-left:var(--wp--preset--spacing--10)\">\n<div class=\"wp-block-columns are-vertically-aligned-center is-layout-flex wp-container-core-columns-is-layout-7fc3d43a wp-block-columns-is-layout-flex\">\n<div class=\"wp-block-column is-vertically-aligned-center wow animate__animated animate__fadeInUp is-layout-flow wp-block-column-is-layout-flow\">\n<div class=\"wp-block-cover has-custom-content-position is-position-bottom-right has-hover-effect remove-duotone has-border-color\" style=\"border-color:#fafafa6e;border-width:3px;border-radius:8px;min-height:816px;aspect-ratio:unset;\"><img loading=\"lazy\" decoding=\"async\" width=\"1358\" height=\"1755\" class=\"wp-block-cover__image-background wp-image-846 size-full\" alt=\"\" src=\"https:\/\/revista.conr-bo.com\/revconr\/wp-content\/uploads\/2025\/07\/Vol-7-No-1-2025-CONR.jpg\" data-object-fit=\"cover\" srcset=\"https:\/\/revista.conr-bo.com\/revconr\/wp-content\/uploads\/2025\/07\/Vol-7-No-1-2025-CONR.jpg 1358w, https:\/\/revista.conr-bo.com\/revconr\/wp-content\/uploads\/2025\/07\/Vol-7-No-1-2025-CONR-232x300.jpg 232w, https:\/\/revista.conr-bo.com\/revconr\/wp-content\/uploads\/2025\/07\/Vol-7-No-1-2025-CONR-792x1024.jpg 792w, https:\/\/revista.conr-bo.com\/revconr\/wp-content\/uploads\/2025\/07\/Vol-7-No-1-2025-CONR-768x993.jpg 768w, https:\/\/revista.conr-bo.com\/revconr\/wp-content\/uploads\/2025\/07\/Vol-7-No-1-2025-CONR-1189x1536.jpg 1189w\" sizes=\"auto, (max-width: 1358px) 100vw, 1358px\" \/><span aria-hidden=\"true\" class=\"wp-block-cover__background has-background-dim wp-block-cover__gradient-background has-background-gradient has-gradient-1-gradient-background\"><\/span><div class=\"wp-block-cover__inner-container has-global-padding is-layout-constrained wp-block-cover-is-layout-constrained\">\n<figure class=\"wp-block-image alignright size-full is-resized\"><a href=\"#\"><img decoding=\"async\" src=\"https:\/\/revista.conr-bo.com\/revconr\/wp-content\/themes\/biz-flick\/assets\/images\/arrow.png\" alt=\"\" class=\"wp-image-7\" style=\"width:65px\"\/><\/a><\/figure>\n<\/div><\/div>\n<\/div>\n\n\n\n<div class=\"wp-block-column is-vertically-aligned-center wow animate__animated animate__fadeInUp has-global-padding is-layout-constrained wp-block-column-is-layout-constrained\">\n<h2 class=\"wp-block-heading has-text-align-left has-heading-extra-style has-base-2-color has-text-color has-link-color wp-elements-eb84ee9732b31b3638c55d00f69a6b28\" style=\"font-size:clamp(14px, 0.875rem + ((1vw - 3.2px) * 0.37), 18px);font-style:normal;font-weight:900;line-height:1.4\">Editorial<\/h2>\n\n\n\n<p class=\"has-text-align-left\">M\u00e9todo Perfetti como enfoque neurocognitivo integral para la hemiplejia post accidente cerebrovascular<br>Perfetti Method as a comprehensive neurocognitive approach for post-stroke hemiplegia<\/p>\n\n\n\n<p class=\"has-text-align-left\">Gloria Libertad Condori Huanca (Autor\/a)<\/p>\n\n\n\n<p>1-3<\/p>\n\n\n\n<div class=\"wp-block-group is-content-justification-left is-layout-flex wp-container-core-group-is-layout-b20be981 wp-block-group-is-layout-flex\">\n<div class=\"wp-block-buttons is-content-justification-center is-layout-flex wp-container-core-buttons-is-layout-593ebcaf wp-block-buttons-is-layout-flex\" style=\"padding-top:0;padding-bottom:0\">\n<div class=\"wp-block-button has-arrow-right is-style-outline is-style-outline--1\" id=\"https:\/\/revista.conr-bo.com\/revconr\/\"><a class=\"wp-block-button__link has-gradient-2-gradient-background has-background wp-element-button\" href=\"https:\/\/revista.conr-bo.com\/revconr\/editorial-10\/\" style=\"border-style:none;border-width:0px;border-radius:6px;padding-top:var(--wp--preset--spacing--10);padding-right:15px;padding-bottom:var(--wp--preset--spacing--10);padding-left:15px\">PDF<\/a><\/div>\n\n\n\n<div class=\"wp-block-button has-arrow-right\"><a class=\"wp-block-button__link has-base-2-color has-gradient-3-gradient-background has-text-color has-background has-link-color wp-element-button\" href=\"https:\/\/revista.conr-bo.com\/revconr\/editorial-11\/\" style=\"border-style:none;border-width:0px;border-radius:6px;padding-top:var(--wp--preset--spacing--10);padding-right:15px;padding-bottom:var(--wp--preset--spacing--10);padding-left:15px\">PDF(INGLES)<\/a><\/div>\n<\/div>\n<\/div>\n\n\n\n\n\n<h2 class=\"wp-block-heading has-text-align-left has-heading-extra-style has-base-2-color has-text-color has-link-color wp-elements-b2d5b54cd41997c53afe23902b231a75\" style=\"font-size:clamp(14px, 0.875rem + ((1vw - 3.2px) * 0.37), 18px);font-style:normal;font-weight:900;line-height:1.4\">Nota de Investigaci\u00f3n<\/h2>\n\n\n\n<p>Categorizaci\u00f3n de pacientes seg\u00fan riesgo y dependencia por enfermeras, Unidad de Cuidados Intensivos Pedi\u00e1tricos, Hospital del Ni\u00f1o \u201cDr. Ovidio Aliaga Ur\u00eda\u201d<br>Categorization of patients according to risk and dependency by nurses, Pediatric Intensive Care Unit, Dr. Ovidio Aliaga Ur\u00eda Children&#8217;s Hospital<\/p>\n\n\n\n<p>Soledad Etelvina Quispe Apaza,  Lidia Limachi Aruni, Mariana Sejas Calle (Autor\/a)<\/p>\n\n\n\n<p>4-15<\/p>\n\n\n\n<div class=\"wp-block-group is-content-justification-left is-layout-flex wp-container-core-group-is-layout-b20be981 wp-block-group-is-layout-flex\">\n<div class=\"wp-block-buttons is-content-justification-center is-layout-flex wp-container-core-buttons-is-layout-593ebcaf wp-block-buttons-is-layout-flex\" style=\"padding-top:0;padding-bottom:0\">\n<div class=\"wp-block-button has-arrow-right is-style-outline is-style-outline--2\" id=\"https:\/\/revista.conr-bo.com\/revconr\/\"><a class=\"wp-block-button__link has-gradient-2-gradient-background has-background wp-element-button\" href=\"https:\/\/revista.conr-bo.com\/revconr\/nota-de-investigacion-12\/\" style=\"border-style:none;border-width:0px;border-radius:6px;padding-top:var(--wp--preset--spacing--10);padding-right:15px;padding-bottom:var(--wp--preset--spacing--10);padding-left:15px\">PDF<\/a><\/div>\n\n\n\n<div class=\"wp-block-button has-arrow-right\"><a class=\"wp-block-button__link has-base-2-color has-gradient-3-gradient-background has-text-color has-background has-link-color wp-element-button\" href=\"https:\/\/revista.conr-bo.com\/revconr\/research-note\/\" style=\"border-style:none;border-width:0px;border-radius:6px;padding-top:var(--wp--preset--spacing--10);padding-right:15px;padding-bottom:var(--wp--preset--spacing--10);padding-left:15px\">PDF(INGLES)<\/a><\/div>\n<\/div>\n<\/div>\n\n\n\n\n\n<h2 class=\"wp-block-heading has-text-align-left has-heading-extra-style has-base-2-color has-text-color has-link-color wp-elements-f08e6dc3151bb900406663f296cab8c1\" style=\"font-size:clamp(14px, 0.875rem + ((1vw - 3.2px) * 0.37), 18px);font-style:normal;font-weight:900;line-height:1.4\">Reporte de Caso<\/h2>\n\n\n\n<p>Ejercicio terap\u00e9utico como tratamiento no invasivo en displasia del desarrollo y subluxaci\u00f3n cong\u00e9nita de cadera<br>Therapeutic exercise as a non-invasive treatment in developmental dysplasia and congenital hip subluxation<\/p>\n\n\n\n<p>Ana Gabriela Aliaga Chuquimia  (Autor\/a)<\/p>\n\n\n\n<p>16-21<\/p>\n\n\n\n<div class=\"wp-block-group is-content-justification-left is-layout-flex wp-container-core-group-is-layout-b20be981 wp-block-group-is-layout-flex\">\n<div class=\"wp-block-buttons is-content-justification-center is-layout-flex wp-container-core-buttons-is-layout-593ebcaf wp-block-buttons-is-layout-flex\" style=\"padding-top:0;padding-bottom:0\">\n<div class=\"wp-block-button has-arrow-right is-style-outline is-style-outline--3\" id=\"https:\/\/revista.conr-bo.com\/revconr\/\"><a class=\"wp-block-button__link has-gradient-2-gradient-background has-background wp-element-button\" href=\"https:\/\/revista.conr-bo.com\/revconr\/reporte-de-caso-2\/\" style=\"border-style:none;border-width:0px;border-radius:6px;padding-top:var(--wp--preset--spacing--10);padding-right:15px;padding-bottom:var(--wp--preset--spacing--10);padding-left:15px\">PDF<\/a><\/div>\n\n\n\n<div class=\"wp-block-button has-arrow-right\"><a class=\"wp-block-button__link has-base-2-color has-gradient-3-gradient-background has-text-color has-background has-link-color wp-element-button\" href=\"https:\/\/revista.conr-bo.com\/revconr\/case-report\/\" style=\"border-style:none;border-width:0px;border-radius:6px;padding-top:var(--wp--preset--spacing--10);padding-right:15px;padding-bottom:var(--wp--preset--spacing--10);padding-left:15px\">PDF(INGLES)<\/a><\/div>\n<\/div>\n<\/div>\n\n\n\n<div class=\"wp-block-buttons is-content-justification-left is-layout-flex wp-container-core-buttons-is-layout-63087798 wp-block-buttons-is-layout-flex\" style=\"padding-top:var(--wp--preset--spacing--20);padding-bottom:0\">\n<div class=\"wp-block-button has-arrow-right\"><a class=\"wp-block-button__link has-gradient-2-gradient-background has-background wp-element-button\" style=\"border-style:none;border-width:0px;border-radius:6px;padding-top:var(--wp--preset--spacing--10);padding-right:var(--wp--preset--spacing--30);padding-bottom:var(--wp--preset--spacing--10);padding-left:var(--wp--preset--spacing--30)\">Ver Todos los N\u00fameros <img decoding=\"async\" class=\"wp-image-7\" style=\"width: 16px;\" src=\"https:\/\/revista.conr-bo.com\/revconr\/wp-content\/themes\/biz-flick\/assets\/images\/arrow.png\" alt=\"\"><\/a><\/div>\n\n\n\n<div class=\"wp-block-button has-arrow-right\"><a class=\"wp-block-button__link has-base-2-color has-gradient-3-gradient-background has-text-color has-background has-link-color wp-element-button\" href=\"https:\/\/revista.conr-bo.com\/revconr\/\" style=\"border-style:none;border-width:0px;border-radius:6px;padding-top:var(--wp--preset--spacing--10);padding-right:var(--wp--preset--spacing--30);padding-bottom:var(--wp--preset--spacing--10);padding-left:var(--wp--preset--spacing--30)\">Inicio<img decoding=\"async\" class=\"wp-image-7\" style=\"width: 16px;\" src=\"https:\/\/revista.conr-bo.com\/revconr\/wp-content\/themes\/biz-flick\/assets\/images\/arrow.png\" alt=\"\"><\/a><\/div>\n<\/div>\n<\/div>\n<\/div>\n<\/main>\n","protected":false},"excerpt":{"rendered":"<p>Editorial M\u00e9todo Perfetti como enfoque neurocognitivo integral para la hemiplejia post accidente cerebrovascularPerfetti Method as a comprehensive neurocognitive approach for post-stroke hemiplegia Gloria Libertad Condori Huanca (Autor\/a) 1-3 Nota de Investigaci\u00f3n Categorizaci\u00f3n de pacientes seg\u00fan riesgo y dependencia por enfermeras, Unidad de Cuidados Intensivos Pedi\u00e1tricos, Hospital del Ni\u00f1o \u201cDr. Ovidio Aliaga Ur\u00eda\u201dCategorization of patients according [&hellip;]<\/p>\n","protected":false},"author":1,"featured_media":0,"parent":0,"menu_order":0,"comment_status":"closed","ping_status":"closed","template":"","meta":{"pagelayer_contact_templates":[],"_pagelayer_content":"","footnotes":""},"wf_page_folders":[24],"class_list":["post-854","page","type-page","status-publish","hentry"],"_links":{"self":[{"href":"https:\/\/revista.conr-bo.com\/revconr\/wp-json\/wp\/v2\/pages\/854","targetHints":{"allow":["GET"]}}],"collection":[{"href":"https:\/\/revista.conr-bo.com\/revconr\/wp-json\/wp\/v2\/pages"}],"about":[{"href":"https:\/\/revista.conr-bo.com\/revconr\/wp-json\/wp\/v2\/types\/page"}],"author":[{"embeddable":true,"href":"https:\/\/revista.conr-bo.com\/revconr\/wp-json\/wp\/v2\/users\/1"}],"replies":[{"embeddable":true,"href":"https:\/\/revista.conr-bo.com\/revconr\/wp-json\/wp\/v2\/comments?post=854"}],"version-history":[{"count":9,"href":"https:\/\/revista.conr-bo.com\/revconr\/wp-json\/wp\/v2\/pages\/854\/revisions"}],"predecessor-version":[{"id":894,"href":"https:\/\/revista.conr-bo.com\/revconr\/wp-json\/wp\/v2\/pages\/854\/revisions\/894"}],"wp:attachment":[{"href":"https:\/\/revista.conr-bo.com\/revconr\/wp-json\/wp\/v2\/media?parent=854"}],"wp:term":[{"taxonomy":"wf_page_folders","embeddable":true,"href":"https:\/\/revista.conr-bo.com\/revconr\/wp-json\/wp\/v2\/wf_page_folders?post=854"}],"curies":[{"name":"wp","href":"https:\/\/api.w.org\/{rel}","templated":true}]}}